{"id":4588,"date":"2021-08-05T15:57:39","date_gmt":"2021-08-05T12:57:39","guid":{"rendered":"https:\/\/www.ctce.ro\/site\/?post_type=product&#038;p=4588"},"modified":"2021-08-09T11:46:34","modified_gmt":"2021-08-09T08:46:34","slug":"dse-backup-expert-pro","status":"publish","type":"product","link":"https:\/\/www.ctce.ro\/site\/produs\/dse-backup-expert-pro\/","title":{"rendered":"DSE Backup Expert Pro"},"content":{"rendered":"<p><section id=\"bt_bb_section69e595ec6373e\" data-parallax=\"0.8\" data-parallax-offset=\"-200\" data-background_image_src=\"'https:\/\/www.ctce.ro\/site\/wp-content\/uploads\/2021\/08\/bg3.jpg'\" class=\"bt_bb_section bt_bb_layout_boxed_1200 bt_bb_vertical_align_top bt_bb_parallax btLazyLoadBackground bt_bb_background_image bt_bb_background_overlay_light_solid bt_bb_top_spacing_large bt_bb_bottom_spacing_large bt_bb_section_with_bottom_coverage_image\" style=\"background-image:url(&#039;https:\/\/www.ctce.ro\/site\/wp-content\/plugins\/bold-page-builder\/img\/blank.gif&#039;);\" data-bt-override-class=\"null\"><div class=\"bt_bb_port\"><div class=\"bt_bb_cell\"><div class=\"bt_bb_cell_inner\"><div class=\"bt_bb_row \"  data-bt-override-class=\"{}\"><div class=\"bt_bb_row_holder\" ><div  class=\"bt_bb_column col-xl-12 bt_bb_align_center bt_bb_vertical_align_top bt_bb_animation_fade_in move_up animate bt_bb_padding_normal\"  data-width=\"12\" data-bt-override-class=\"{}\"><div class=\"bt_bb_column_content\"><div class=\"bt_bb_image bt_bb_shape_square bt_bb_target_self bt_bb_align_inherit bt_bb_hover_style_simple bt_bb_content_display_always bt_bb_content_align_middle\" style=\"max-width: 130px;\" data-bt-override-class=\"{&quot;bt_bb_align_&quot;:{&quot;current_class&quot;:&quot;bt_bb_align_inherit&quot;,&quot;def&quot;:&quot;inherit&quot;,&quot;xl&quot;:&quot;inherit&quot;}}\"><span><img loading=\"lazy\" decoding=\"async\" width=\"300\" height=\"300\" src=\"https:\/\/www.ctce.ro\/site\/wp-content\/uploads\/2021\/08\/dsef.png\" class=\"attachment-full size-full\" alt=\"https:\/\/www.ctce.ro\/site\/wp-content\/uploads\/2021\/08\/dsef.png\" data-full_image_src=\"https:\/\/www.ctce.ro\/site\/wp-content\/uploads\/2021\/08\/dsef.png\" srcset=\"https:\/\/www.ctce.ro\/site\/wp-content\/uploads\/2021\/08\/dsef.png 300w, https:\/\/www.ctce.ro\/site\/wp-content\/uploads\/2021\/08\/dsef-160x160.png 160w, https:\/\/www.ctce.ro\/site\/wp-content\/uploads\/2021\/08\/dsef-100x100.png 100w\" sizes=\"auto, (max-width: 300px) 100vw, 300px\" \/><\/span><\/div><div class=\"bt_bb_separator bt_bb_border_style_none bt_bb_top_spacing_extra_small bt_bb_bottom_spacing_small\" data-bt-override-class=\"null\"><\/div><header class=\"bt_bb_headline bt_bb_dash_none bt_bb_subheadline bt_bb_size_large bt_bb_align_inherit\" data-bt-override-class=\"{&quot;bt_bb_size_&quot;:{&quot;current_class&quot;:&quot;bt_bb_size_large&quot;,&quot;def&quot;:&quot;large&quot;,&quot;xl&quot;:&quot;large&quot;},&quot;bt_bb_align_&quot;:{&quot;current_class&quot;:&quot;bt_bb_align_inherit&quot;,&quot;def&quot;:&quot;inherit&quot;,&quot;xl&quot;:&quot;inherit&quot;}}\"><h1 class=\"bt_bb_headline_tag\"><span class=\"bt_bb_headline_content\"><span><b>DSE Backup Expert Pro<\/b> <\/span><\/span><\/h1><div class=\"bt_bb_headline_subheadline\">Aplica\u021bie de backup \u0219i restaurare profesional\u0103, care acoper\u0103 o gam\u0103 foarte larg\u0103 de nevoi \u00een ceea ce prive\u0219te op\u021biunile de backup \u0219i securitate.<\/div><\/header><\/div><\/div><\/div><\/div><div class=\"bt_bb_row \"  data-bt-override-class=\"{}\"><div class=\"bt_bb_row_holder\" ><div  class=\"bt_bb_column col-xl-12 bt_bb_align_left bt_bb_vertical_align_top bt_bb_padding_normal\"  data-width=\"12\" data-bt-override-class=\"{}\"><div class=\"bt_bb_column_content\"><\/div><\/div><\/div><\/div><\/div><\/div><\/div><div class=\"bt_bb_section_bottom_section_coverage_image\"><img decoding=\"async\" src=\"https:\/\/www.ctce.ro\/site\/wp-content\/uploads\/2019\/08\/bgn-gray-curve-bottom-left-1.png\" alt=\"bt_bb_section_bottom_section_coverage_image\" \/><\/div><\/section><section id=\"bt_bb_section69e595ec6474e\"  class=\"bt_bb_section bt_bb_layout_boxed_1200 bt_bb_vertical_align_top bt_bb_top_spacing_small bt_bb_bottom_spacing_extra_small\"  data-bt-override-class=\"null\"><div class=\"bt_bb_port\"><div class=\"bt_bb_cell\"><div class=\"bt_bb_cell_inner\"><div class=\"bt_bb_row \"  data-bt-override-class=\"{}\"><div class=\"bt_bb_row_holder\" ><div  class=\"bt_bb_column col-xl-12 bt_bb_align_left bt_bb_vertical_align_top bt_bb_padding_normal\"  data-width=\"12\" data-bt-override-class=\"{}\"><div class=\"bt_bb_column_content\"><div class=\" bt_bb_row_inner\"   data-bt-override-class=\"{}\"><div class=\"bt_bb_row_inner_holder\"  ><div  class=\"bt_bb_column_inner col-xl-8 bt_bb_align_left bt_bb_vertical_align_top\"  data-width=\"8\" data-bt-override-class=\"{}\"><div class=\"bt_bb_column_inner_content\"><div class=\"bt_bb_separator bt_bb_border_style_none bt_bb_top_spacing_small\" data-bt-override-class=\"null\"><\/div><div  class=\"bt_bb_text\" ><\/p>\n<h4>Protec\u021bia datelor?<\/h4>\n<p><strong>Importan\u021ba no\u021biunii cre\u0219te odat\u0103 cu m\u0103rirea volumului de date stocat \u0219i valoarea informa\u021biilor \u00een viziunea dumneavoastr\u0103!<\/strong><\/p>\n<p>Strategia cea mai sigur\u0103 const\u0103 \u00een restaurarea rapid\u0103 a datelor degradate sau pierdute.<\/p>\n<p>Mai mult, contextul actual a determinat milioane de angaja\u021bi s\u0103 lucreze de acas\u0103, acest aspect duc\u00e2nd la cre\u0219terea nevoii de asigurare a datelor.<\/p>\n<p>\n<\/div><\/div><\/div><div  class=\"bt_bb_column_inner col-xl-4 bt_bb_align_left bt_bb_vertical_align_top\"  data-width=\"4\" data-bt-override-class=\"{}\"><div class=\"bt_bb_column_inner_content\"><div  class=\"bt_bb_text\" ><\/div><div class=\"bt_bb_image bt_bb_shape_square bt_bb_target_lightbox bt_bb_use_lightbox bt_bb_align_inherit bt_bb_hover_style_zoom-in bt_bb_content_display_always bt_bb_content_align_middle\" data-bt-override-class=\"{&quot;bt_bb_align_&quot;:{&quot;current_class&quot;:&quot;bt_bb_align_inherit&quot;,&quot;def&quot;:&quot;inherit&quot;,&quot;xl&quot;:&quot;inherit&quot;}}\"><a href=\"#lightbox\"  target=\"_blank\"><img loading=\"lazy\" decoding=\"async\" width=\"600\" height=\"335\" src=\"https:\/\/www.ctce.ro\/site\/wp-content\/uploads\/2021\/08\/screen1-600x335.png\" class=\"attachment-woocommerce_single size-woocommerce_single\" alt=\"https:\/\/www.ctce.ro\/site\/wp-content\/uploads\/2021\/08\/screen1-600x335.png\" data-full_image_src=\"https:\/\/www.ctce.ro\/site\/wp-content\/uploads\/2021\/08\/screen1.png\" srcset=\"https:\/\/www.ctce.ro\/site\/wp-content\/uploads\/2021\/08\/screen1-600x335.png 600w, https:\/\/www.ctce.ro\/site\/wp-content\/uploads\/2021\/08\/screen1-640x357.png 640w, https:\/\/www.ctce.ro\/site\/wp-content\/uploads\/2021\/08\/screen1-768x429.png 768w, https:\/\/www.ctce.ro\/site\/wp-content\/uploads\/2021\/08\/screen1-320x179.png 320w, https:\/\/www.ctce.ro\/site\/wp-content\/uploads\/2021\/08\/screen1.png 1114w\" sizes=\"auto, (max-width: 600px) 100vw, 600px\" \/><\/a><\/div><\/div><\/div><\/div><\/div><\/div><\/div><\/div><\/div><\/div><\/div><\/div><\/section><section id=\"bt_bb_section69e595ec65ca0\"  class=\"bt_bb_section bt_bb_layout_boxed_1200 bt_bb_vertical_align_top bt_bb_top_spacing_normal bt_bb_bottom_spacing_small\"  data-bt-override-class=\"null\"><div class=\"bt_bb_port\"><div class=\"bt_bb_cell\"><div class=\"bt_bb_cell_inner\"><div class=\"bt_bb_row \"  data-bt-override-class=\"{}\"><div class=\"bt_bb_row_holder\" ><\/div><\/div><div class=\"bt_bb_row \"  data-bt-override-class=\"{}\"><div class=\"bt_bb_row_holder\" ><div  class=\"bt_bb_column col-xl-12 bt_bb_align_left bt_bb_vertical_align_top bt_bb_padding_normal\"  data-width=\"12\" data-bt-override-class=\"{}\"><div class=\"bt_bb_column_content\"><div class=\" bt_bb_row_inner\"   data-bt-override-class=\"{}\"><div class=\"bt_bb_row_inner_holder\"  ><div  class=\"bt_bb_column_inner col-xl-4 bt_bb_align_left bt_bb_vertical_align_top\"  data-width=\"4\" data-bt-override-class=\"{}\"><div class=\"bt_bb_column_inner_content\"><div class=\"bt_bb_separator bt_bb_border_style_none bt_bb_top_spacing_normal\" data-bt-override-class=\"null\"><\/div><div class=\"bt_bb_image bt_bb_shape_square bt_bb_target_lightbox bt_bb_use_lightbox bt_bb_align_inherit bt_bb_hover_style_zoom-in bt_bb_content_display_always bt_bb_content_align_middle\" data-bt-override-class=\"{&quot;bt_bb_align_&quot;:{&quot;current_class&quot;:&quot;bt_bb_align_inherit&quot;,&quot;def&quot;:&quot;inherit&quot;,&quot;xl&quot;:&quot;inherit&quot;}}\"><a href=\"#lightbox\"  target=\"_blank\" title=\"screen4\"><img loading=\"lazy\" decoding=\"async\" width=\"600\" height=\"345\" src=\"https:\/\/www.ctce.ro\/site\/wp-content\/uploads\/2021\/08\/screen4-600x345.png\" class=\"attachment-woocommerce_single size-woocommerce_single\" alt=\"https:\/\/www.ctce.ro\/site\/wp-content\/uploads\/2021\/08\/screen4-600x345.png\" data-full_image_src=\"https:\/\/www.ctce.ro\/site\/wp-content\/uploads\/2021\/08\/screen4.png\" title=\"screen4\" srcset=\"https:\/\/www.ctce.ro\/site\/wp-content\/uploads\/2021\/08\/screen4-600x345.png 600w, https:\/\/www.ctce.ro\/site\/wp-content\/uploads\/2021\/08\/screen4-640x368.png 640w, https:\/\/www.ctce.ro\/site\/wp-content\/uploads\/2021\/08\/screen4-1280x735.png 1280w, https:\/\/www.ctce.ro\/site\/wp-content\/uploads\/2021\/08\/screen4-768x441.png 768w, https:\/\/www.ctce.ro\/site\/wp-content\/uploads\/2021\/08\/screen4-320x184.png 320w, https:\/\/www.ctce.ro\/site\/wp-content\/uploads\/2021\/08\/screen4.png 1323w\" sizes=\"auto, (max-width: 600px) 100vw, 600px\" \/><\/a><\/div><\/div><\/div><div  class=\"bt_bb_column_inner col-xl-8 bt_bb_align_left bt_bb_vertical_align_top\"  data-width=\"8\" data-bt-override-class=\"{}\"><div class=\"bt_bb_column_inner_content\"><div  class=\"bt_bb_text\" ><\/p>\n<p>\u00cen consecin\u021b\u0103, nevoia de evolu\u021bie \u0219i adaptare a condus tot mai frecvent la strategia cea mai sigura de a proteja datele: posibilitatea restaur\u0103rii rapide a acestora, dup\u0103 orice degradare sau pierdere.<\/p>\n<p><strong>Venim \u00een \u00eent\u00e2mpinarea nevoilor dumneavoastr\u0103<\/strong> cu solu\u021bia completa de backup <strong>DSE Backup Expert Pro<\/strong>. Func\u021biile esten\u021biale pe care le \u00eendepline\u0219te aplica\u021bia, sunt:<\/p>\n<ul>\n<li>Creeaza copii de rezerv\u0103 pentru colec\u021bii de date complexe, atunci c\u00e2nd este programat, sau la cerere, printr-un simplu click.<\/li>\n<li>Creeaza copii de rezerv\u0103 pentru fi\u0219iere \u0219i con\u021binutul folderelor, pentru drepturi de acces, atribute \u0219i dat\u0103ri de evenimente<\/li>\n<li>Creeaza copii de rezerv\u0103 pentru parti\u021bii<\/li>\n<li>Securizeaz\u0103 copiile de rezerv\u0103 prin tehnologii de criptare avansate<\/li>\n<li>Scrie copiile de rezerv\u0103 simultan, pe: unit\u0103\u021bi de stocare externe, \u00een cloud (AWS, Azure) sau servere FTP, SFTP<\/li>\n<li>Creeaza copii de rezerv\u0103 pentru fi\u0219iere localizate pe sute de computere aflate \u00een re\u021beaua local\u0103<\/li>\n<li>Creeaza copii de rezerv\u0103 a datelor criptate din Windows sau BitLocker.<\/li>\n<\/ul>\n<p>\n<\/div><div class=\"bt_bb_accordion\"><\/div><\/div><\/div><\/div><\/div><\/div><\/div><\/div><\/div><\/div><\/div><\/div><\/section><section id=\"bt_bb_section69e595ec66bf4\"  class=\"bt_bb_section bt_bb_layout_boxed_1200\"  data-bt-override-class=\"null\"><div class=\"bt_bb_port\"><div class=\"bt_bb_cell\"><div class=\"bt_bb_cell_inner\"><div class=\"bt_bb_row \"  data-bt-override-class=\"{}\"><div class=\"bt_bb_row_holder\" ><div  class=\"bt_bb_column col-xl-12 bt_bb_align_left bt_bb_vertical_align_top bt_bb_padding_normal\"  data-width=\"12\" data-bt-override-class=\"{}\"><div class=\"bt_bb_column_content\"><div  class=\"bt_bb_text\" ><\/p>\n<h3 style=\"text-align: center;\"><strong><img loading=\"lazy\" decoding=\"async\" class=\"alignnone\" style=\"vertical-align: middle; max-width: 47px !important; width: 47px !important; height: auto;\" src=\"https:\/\/www.ctce.ro\/site\/wp-content\/uploads\/2021\/08\/dsef.png\" width=\"47\" height=\"47\" \/> CERIN\u021aE DE SISTEM<\/strong><\/h3>\n<table width=\"100%\">\n<tbody>\n<tr>\n<td width=\"48%\"><strong>Minimum<\/strong><\/td>\n<td width=\"49%\"><strong>Recomandat<\/strong><\/td>\n<\/tr>\n<tr>\n<td width=\"48%\">\n<ul>\n<li>4 GB RAM<\/li>\n<li>Procesor: 1.4 GHz processor<\/li>\n<li>Spa\u021biu liber \u00een loca\u021bia de instalare: 20 MB<\/li>\n<li>Spa\u021biu liber \u00een loca\u021bia de salvare a fi\u0219ierelor jurnal (log files): 10 MB<\/li>\n<\/ul>\n<\/td>\n<td width=\"49%\">\n<ul>\n<li>8 GB RAM<\/li>\n<li>Procesor: 2.0 GHz<\/li>\n<li>Spa\u021biu liber \u00een loca\u021bia de instalare: 20 MB<\/li>\n<li>Spa\u021biu liber \u00een loca\u021bia de salvare a fi\u0219ierelor jurnal (log files): 20 MB<\/li>\n<\/ul>\n<\/td>\n<\/tr>\n<tr>\n<td colspan=\"2\" width=\"99%\"><strong>Stocare temporar\u0103:<\/strong><\/td>\n<\/tr>\n<tr>\n<td colspan=\"2\" width=\"99%\">Volumul de spa\u021biu liber necesar pentru a salva fi\u0219ierele termorare depinde de volumul de date pentru care crea\u021bi copii de rezerv\u0103. Multe dintre sarcinile pe care le crea\u021bi \u00een scopul gener\u0103rii de copii de rezerv\u0103, nu necesit\u0103 spa\u021biu de stocare temporar.<\/td>\n<\/tr>\n<tr>\n<td colspan=\"2\" width=\"99%\"><strong>Viteza conexiunii la internet<\/strong><\/td>\n<\/tr>\n<tr>\n<td colspan=\"2\" width=\"99%\">Depinde de volumul de date pe care \u00eel copia\u021bi \u00een cloud. Este recomandat\u0103 o conexiune stabil\u0103.<\/td>\n<\/tr>\n<tr>\n<td colspan=\"2\" width=\"99%\"><strong>Sistemul de operare<\/strong><\/td>\n<\/tr>\n<tr>\n<td width=\"48%\">DSE Backup Expert Pro<\/td>\n<td width=\"49%\">Windows 10 ver. 17763.0 sau mai recent<\/td>\n<\/tr>\n<tr>\n<td width=\"48%\">DSE Backup Expert Pro 2021<\/td>\n<td width=\"49%\">Windows 10 ver. 17763.0 sau mai recent<\/td>\n<\/tr>\n<tr>\n<td width=\"48%\">DSE Backup Expert Pro Desktop<\/td>\n<td width=\"49%\">Windows 10 ver. 17763.0 sau mai recent<\/td>\n<\/tr>\n<tr>\n<td width=\"48%\">DSE Backup Expert Pro Server<\/td>\n<td width=\"49%\">Windows Server 2016 sau mai recent<\/td>\n<\/tr>\n<\/tbody>\n<\/table>\n<p>\n<\/div><\/div><\/div><\/div><\/div><\/div><\/div><\/div><\/section><section id=\"bt_bb_section69e595ec67177\"  class=\"bt_bb_section bt_bb_color_scheme_11 bt_bb_layout_boxed_1200 bt_bb_full_screen bt_bb_vertical_align_top bt_bb_top_spacing_extra_large bt_bb_bottom_spacing_extra_large bt_bb_section_show_left_boxed_content bt_bb_section_allow_content_outside bt_bb_section_with_bottom_coverage_image\"  data-bt-override-class=\"null\"><div class=\"bt_bb_port\"><div class=\"bt_bb_cell\"><div class=\"bt_bb_cell_inner\"><div class=\"bt_bb_row \"  data-bt-override-class=\"{}\"><div class=\"bt_bb_row_holder\" ><div  class=\"bt_bb_column col-xl-12 bt_bb_align_left bt_bb_vertical_align_bottom bt_bb_animation_fade_in animate bt_bb_padding_normal\"  data-width=\"12\" data-bt-override-class=\"{}\"><div class=\"bt_bb_column_content\"><div class=\"bt_bb_video bt_bb_disable_controls_yes\"><div class=\"bt-video-container\"><div style=\"width: 100%;\" class=\"wp-video\"><!--[if lt IE 9]><script>document.createElement('video');<\/script><![endif]-->\n<video class=\"wp-video-shortcode\" id=\"video-4588-1\" width=\"640\" height=\"360\" preload=\"metadata\" controls=\"controls\"><source type=\"video\/youtube\" src=\"https:\/\/www.youtube.com\/watch?v=ovF-DLoJX5Q&#038;_=1\" \/><a href=\"https:\/\/www.youtube.com\/watch?v=ovF-DLoJX5Q\">https:\/\/www.youtube.com\/watch?v=ovF-DLoJX5Q<\/a><\/video><\/div><\/div><\/div><\/div><\/div><\/div><\/div><\/div><\/div><\/div><div class=\"bt_bb_section_bottom_section_coverage_image\"><img decoding=\"async\" src=\"https:\/\/www.ctce.ro\/site\/wp-content\/uploads\/2019\/08\/bgn-white-curve-bottom-right-1.png\" alt=\"bt_bb_section_bottom_section_coverage_image\" \/><\/div><\/section><\/p>\n","protected":false},"excerpt":{"rendered":"<p>Aplicatia legislativa\u00a0a\u00a0<strong>CTCE Piatra-Neamt<\/strong>\u00a0este\u00a0cea mai completa si corecta\u00a0baza de date legislativa\u00a0din Romania, garantie oferita prin castigarea procedurii de achizitie publica pentru Proiectul \u201cImplementarea portalului N-Lex\u201d lansata\u00a0de catre Ministerul Justitiei in numele Guvernului Romaniei in vederea interconectarii legislatiei Romaniei cu portalul legislativ oficial al Uniunii Europene, ca o obligatie care revenea statului roman prin Strategia Lisabona.<\/p>\n","protected":false},"featured_media":4078,"template":"","meta":[],"product_brand":[],"product_cat":[171],"product_tag":[],"class_list":{"0":"post-4588","1":"product","2":"type-product","3":"status-publish","4":"has-post-thumbnail","6":"product_cat-solutii-diverse","8":"first","9":"instock","10":"shipping-taxable","11":"product-type-simple"},"_links":{"self":[{"href":"https:\/\/www.ctce.ro\/site\/wp-json\/wp\/v2\/product\/4588","targetHints":{"allow":["GET"]}}],"collection":[{"href":"https:\/\/www.ctce.ro\/site\/wp-json\/wp\/v2\/product"}],"about":[{"href":"https:\/\/www.ctce.ro\/site\/wp-json\/wp\/v2\/types\/product"}],"wp:featuredmedia":[{"embeddable":true,"href":"https:\/\/www.ctce.ro\/site\/wp-json\/wp\/v2\/media\/4078"}],"wp:attachment":[{"href":"https:\/\/www.ctce.ro\/site\/wp-json\/wp\/v2\/media?parent=4588"}],"wp:term":[{"taxonomy":"product_brand","embeddable":true,"href":"https:\/\/www.ctce.ro\/site\/wp-json\/wp\/v2\/product_brand?post=4588"},{"taxonomy":"product_cat","embeddable":true,"href":"https:\/\/www.ctce.ro\/site\/wp-json\/wp\/v2\/product_cat?post=4588"},{"taxonomy":"product_tag","embeddable":true,"href":"https:\/\/www.ctce.ro\/site\/wp-json\/wp\/v2\/product_tag?post=4588"}],"curies":[{"name":"wp","href":"https:\/\/api.w.org\/{rel}","templated":true}]}}