{"id":3033,"date":"2020-05-29T08:15:25","date_gmt":"2020-05-29T08:15:25","guid":{"rendered":"http:\/\/www.ctce.ro\/site\/?post_type=product&#038;p=3033"},"modified":"2020-12-07T12:24:31","modified_gmt":"2020-12-07T09:24:31","slug":"paap","status":"publish","type":"product","link":"https:\/\/www.ctce.ro\/site\/produs\/paap\/","title":{"rendered":"PAAP"},"content":{"rendered":"","protected":false},"excerpt":{"rendered":"<p>&nbsp;<\/p>\n<p><strong>Aplica\u021bia PAAP<\/strong> ofer\u0103 suport informatic pentru \u00eentreg procesul de proiectare \u0219i execu\u021bie a achizi\u021biilor publice derulate la nivelul \u00eentregii institu\u021bii.<\/p>\n<p>Aceasta, gestioneaz\u0103 toate informa\u0163iile legate de activitatea de \u00eentocmire, actualizare \u015fi urm\u0103rire a respect\u0103rii prevederilor cuprinse \u00een <strong>Programul Anual al Achizi\u0163iilor Publice<\/strong> al Prim\u0103riei Jilava.<\/p>\n<p><strong>PAAP<\/strong> contine instrumente complete de administrare a tuturor proceselor interne necesare managementului derularii achizitiilor publice dar \u0219i toate intrumentele necesare gestion\u0103rii centralizate a tuturor informa\u021biilor dintr-un contract de achizi\u021bie public\u0103.<\/p>\n","protected":false},"featured_media":3063,"template":"","meta":[],"product_brand":[],"product_cat":[51],"product_tag":[],"class_list":{"0":"post-3033","1":"product","2":"type-product","3":"status-publish","4":"has-post-thumbnail","6":"product_cat-solutii-economice","8":"first","9":"instock","10":"shipping-taxable","11":"product-type-simple"},"_links":{"self":[{"href":"https:\/\/www.ctce.ro\/site\/wp-json\/wp\/v2\/product\/3033","targetHints":{"allow":["GET"]}}],"collection":[{"href":"https:\/\/www.ctce.ro\/site\/wp-json\/wp\/v2\/product"}],"about":[{"href":"https:\/\/www.ctce.ro\/site\/wp-json\/wp\/v2\/types\/product"}],"wp:featuredmedia":[{"embeddable":true,"href":"https:\/\/www.ctce.ro\/site\/wp-json\/wp\/v2\/media\/3063"}],"wp:attachment":[{"href":"https:\/\/www.ctce.ro\/site\/wp-json\/wp\/v2\/media?parent=3033"}],"wp:term":[{"taxonomy":"product_brand","embeddable":true,"href":"https:\/\/www.ctce.ro\/site\/wp-json\/wp\/v2\/product_brand?post=3033"},{"taxonomy":"product_cat","embeddable":true,"href":"https:\/\/www.ctce.ro\/site\/wp-json\/wp\/v2\/product_cat?post=3033"},{"taxonomy":"product_tag","embeddable":true,"href":"https:\/\/www.ctce.ro\/site\/wp-json\/wp\/v2\/product_tag?post=3033"}],"curies":[{"name":"wp","href":"https:\/\/api.w.org\/{rel}","templated":true}]}}