{"id":3031,"date":"2020-05-29T08:15:05","date_gmt":"2020-05-29T08:15:05","guid":{"rendered":"http:\/\/www.ctce.ro\/site\/?post_type=product&#038;p=3031"},"modified":"2020-12-07T12:24:05","modified_gmt":"2020-12-07T09:24:05","slug":"imtax-impozite-si-taxe-locale","status":"publish","type":"product","link":"https:\/\/www.ctce.ro\/site\/produs\/imtax-impozite-si-taxe-locale\/","title":{"rendered":"IMTAX &#8211; Impozite si taxe locale"},"content":{"rendered":"","protected":false},"excerpt":{"rendered":"<p>&nbsp;<\/p>\n<p>Produs informatic destinat <strong>GESTION\u0102RII BUGETULUI LOCAL DE VENITURI PROVENITE DIN IMPOZITE \u0218I TAXE<\/strong> prin stabilirea, urm\u0103rirea \u015fi \u00eencasarea (inclusiv utilizand plata online, plata prin POS sau plata prin ghiseul.ro) impozitelor \u015fi taxelor locale de pe teritoriul unei localit\u0103\u0163i, ce se constituie ca venituri proprii ale bugetelor locale, asigurand totodata si modalitatile de comunicare cu ANAF prin modulul PATRIMVEN.<\/p>\n","protected":false},"featured_media":3064,"template":"","meta":[],"product_brand":[],"product_cat":[51],"product_tag":[],"class_list":{"0":"post-3031","1":"product","2":"type-product","3":"status-publish","4":"has-post-thumbnail","6":"product_cat-solutii-economice","8":"first","9":"instock","10":"shipping-taxable","11":"product-type-simple"},"_links":{"self":[{"href":"https:\/\/www.ctce.ro\/site\/wp-json\/wp\/v2\/product\/3031","targetHints":{"allow":["GET"]}}],"collection":[{"href":"https:\/\/www.ctce.ro\/site\/wp-json\/wp\/v2\/product"}],"about":[{"href":"https:\/\/www.ctce.ro\/site\/wp-json\/wp\/v2\/types\/product"}],"wp:featuredmedia":[{"embeddable":true,"href":"https:\/\/www.ctce.ro\/site\/wp-json\/wp\/v2\/media\/3064"}],"wp:attachment":[{"href":"https:\/\/www.ctce.ro\/site\/wp-json\/wp\/v2\/media?parent=3031"}],"wp:term":[{"taxonomy":"product_brand","embeddable":true,"href":"https:\/\/www.ctce.ro\/site\/wp-json\/wp\/v2\/product_brand?post=3031"},{"taxonomy":"product_cat","embeddable":true,"href":"https:\/\/www.ctce.ro\/site\/wp-json\/wp\/v2\/product_cat?post=3031"},{"taxonomy":"product_tag","embeddable":true,"href":"https:\/\/www.ctce.ro\/site\/wp-json\/wp\/v2\/product_tag?post=3031"}],"curies":[{"name":"wp","href":"https:\/\/api.w.org\/{rel}","templated":true}]}}