{"id":3026,"date":"2020-05-29T07:38:28","date_gmt":"2020-05-29T07:38:28","guid":{"rendered":"http:\/\/www.ctce.ro\/site\/?post_type=product&#038;p=3026"},"modified":"2020-12-07T12:11:20","modified_gmt":"2020-12-07T09:11:20","slug":"salarii","status":"publish","type":"product","link":"https:\/\/www.ctce.ro\/site\/produs\/salarii\/","title":{"rendered":"Salarii"},"content":{"rendered":"","protected":false},"excerpt":{"rendered":"<p>&nbsp;<\/p>\n<p>Produsul informatic gestioneaz\u0103 datele de personal necesare prelucr\u0103rilor ulterioare (marc\u0103, loc munc\u0103, salar tarifar, sporuri, etc.), precum \u015fi datele specifice (pontaje, acord, etc.), realizeaz\u0103<\/p>\n<p>calculele necesare (calcul salarii, calcul concedii medicale, calcul concedii de odihn\u0103, calcul avans, etc.),\u00a0 p\u0103streaz\u0103 baze de date de istoric \u015fi editeaz\u0103 toate rapoartele aferente (state de plat\u0103,<\/p>\n<p>centralizatoare, flutura\u015fi, etc.) \u00een formatul dorit de utilizator, precum \u0219i toate declara\u021biile potrivit prevederilor legale.<\/p>\n","protected":false},"featured_media":3066,"template":"","meta":[],"product_brand":[],"product_cat":[51],"product_tag":[],"class_list":{"0":"post-3026","1":"product","2":"type-product","3":"status-publish","4":"has-post-thumbnail","6":"product_cat-solutii-economice","8":"first","9":"instock","10":"shipping-taxable","11":"product-type-simple"},"_links":{"self":[{"href":"https:\/\/www.ctce.ro\/site\/wp-json\/wp\/v2\/product\/3026","targetHints":{"allow":["GET"]}}],"collection":[{"href":"https:\/\/www.ctce.ro\/site\/wp-json\/wp\/v2\/product"}],"about":[{"href":"https:\/\/www.ctce.ro\/site\/wp-json\/wp\/v2\/types\/product"}],"wp:featuredmedia":[{"embeddable":true,"href":"https:\/\/www.ctce.ro\/site\/wp-json\/wp\/v2\/media\/3066"}],"wp:attachment":[{"href":"https:\/\/www.ctce.ro\/site\/wp-json\/wp\/v2\/media?parent=3026"}],"wp:term":[{"taxonomy":"product_brand","embeddable":true,"href":"https:\/\/www.ctce.ro\/site\/wp-json\/wp\/v2\/product_brand?post=3026"},{"taxonomy":"product_cat","embeddable":true,"href":"https:\/\/www.ctce.ro\/site\/wp-json\/wp\/v2\/product_cat?post=3026"},{"taxonomy":"product_tag","embeddable":true,"href":"https:\/\/www.ctce.ro\/site\/wp-json\/wp\/v2\/product_tag?post=3026"}],"curies":[{"name":"wp","href":"https:\/\/api.w.org\/{rel}","templated":true}]}}