{"id":3025,"date":"2020-05-29T07:38:10","date_gmt":"2020-05-29T07:38:10","guid":{"rendered":"http:\/\/www.ctce.ro\/site\/?post_type=product&#038;p=3025"},"modified":"2023-10-19T22:47:17","modified_gmt":"2023-10-19T19:47:17","slug":"alocatii","status":"publish","type":"product","link":"https:\/\/www.ctce.ro\/site\/produs\/alocatii\/","title":{"rendered":"Asisten\u021b\u0103 social\u0103"},"content":{"rendered":"","protected":false},"excerpt":{"rendered":"<p>Produs informatic destinat managementului datelor privind m\u0103surile de asisten\u021b\u0103 social\u0103,care are \u00een componen\u021b\u0103 module specifice pentru:<\/p>\n<ul>\n<li>Ajutorul social acordat \u00een baza Legii nr.416\/2001 privind venitul minim garantat<\/li>\n<li>Aloca\u021bii de sus\u021binere a familiei cf. Legii 277\/2010<\/li>\n<li>Ajutorul pentru \u00eencalzirea locuin\u021bei cu lemne, c\u0103rbuni, combustibili petrolieri acordat \u00een baza HG 70\/2011<\/li>\n<li>Stimulentul educa\u021bional acordat sub forma de tichete copiilor din familiile defavorizate, prevazut\u0103 de Legea nr.248\/2015<\/li>\n<\/ul>\n<p>Modulele asigur\u0103 gestionarea datelor din dosarele de anchet\u0103 social\u0103, toate calculele aferente,precum \u0219i rapoartele specifice \u0219i declara\u021biile c\u0103tre AJPIS.<\/p>\n","protected":false},"featured_media":3065,"template":"","meta":[],"product_brand":[],"product_cat":[51],"product_tag":[],"class_list":{"0":"post-3025","1":"product","2":"type-product","3":"status-publish","4":"has-post-thumbnail","6":"product_cat-solutii-economice","8":"first","9":"instock","10":"shipping-taxable","11":"product-type-simple"},"_links":{"self":[{"href":"https:\/\/www.ctce.ro\/site\/wp-json\/wp\/v2\/product\/3025","targetHints":{"allow":["GET"]}}],"collection":[{"href":"https:\/\/www.ctce.ro\/site\/wp-json\/wp\/v2\/product"}],"about":[{"href":"https:\/\/www.ctce.ro\/site\/wp-json\/wp\/v2\/types\/product"}],"wp:featuredmedia":[{"embeddable":true,"href":"https:\/\/www.ctce.ro\/site\/wp-json\/wp\/v2\/media\/3065"}],"wp:attachment":[{"href":"https:\/\/www.ctce.ro\/site\/wp-json\/wp\/v2\/media?parent=3025"}],"wp:term":[{"taxonomy":"product_brand","embeddable":true,"href":"https:\/\/www.ctce.ro\/site\/wp-json\/wp\/v2\/product_brand?post=3025"},{"taxonomy":"product_cat","embeddable":true,"href":"https:\/\/www.ctce.ro\/site\/wp-json\/wp\/v2\/product_cat?post=3025"},{"taxonomy":"product_tag","embeddable":true,"href":"https:\/\/www.ctce.ro\/site\/wp-json\/wp\/v2\/product_tag?post=3025"}],"curies":[{"name":"wp","href":"https:\/\/api.w.org\/{rel}","templated":true}]}}