{"id":3016,"date":"2020-05-29T07:34:30","date_gmt":"2020-05-29T07:34:30","guid":{"rendered":"http:\/\/www.ctce.ro\/site\/?post_type=product&#038;p=3016"},"modified":"2024-11-18T15:02:39","modified_gmt":"2024-11-18T12:02:39","slug":"juristpro","status":"publish","type":"product","link":"https:\/\/www.ctce.ro\/site\/produs\/juristpro\/","title":{"rendered":"JuristPRO"},"content":{"rendered":"<p><section id=\"bt_bb_section69e0fc3a2ec22\" data-parallax=\"0.8\" data-parallax-offset=\"-200\" data-background_image_src=\"'https:\/\/www.ctce.ro\/site\/wp-content\/uploads\/2019\/08\/img-newsletter-1.png'\" class=\"bt_bb_section bt_bb_layout_boxed_1200 bt_bb_vertical_align_top bt_bb_parallax btLazyLoadBackground bt_bb_background_image bt_bb_background_overlay_light_solid bt_bb_top_spacing_large bt_bb_bottom_spacing_large bt_bb_section_with_bottom_coverage_image\" style=\"background-image:url(&#039;https:\/\/www.ctce.ro\/site\/wp-content\/plugins\/bold-page-builder\/img\/blank.gif&#039;);\" data-bt-override-class=\"null\"><div class=\"bt_bb_port\"><div class=\"bt_bb_cell\"><div class=\"bt_bb_cell_inner\"><div class=\"bt_bb_row \"  data-bt-override-class=\"{}\"><div class=\"bt_bb_row_holder\" ><div  class=\"bt_bb_column col-xl-12 bt_bb_align_center bt_bb_vertical_align_top bt_bb_animation_fade_in move_up animate bt_bb_padding_normal\"  data-width=\"12\" data-bt-override-class=\"{}\"><div class=\"bt_bb_column_content\"><div class=\"bt_bb_image bt_bb_shape_square bt_bb_target_self bt_bb_align_inherit bt_bb_hover_style_simple bt_bb_content_display_always bt_bb_content_align_middle\" style=\"max-width: 130px;\" data-bt-override-class=\"{&quot;bt_bb_align_&quot;:{&quot;current_class&quot;:&quot;bt_bb_align_inherit&quot;,&quot;def&quot;:&quot;inherit&quot;,&quot;xl&quot;:&quot;inherit&quot;}}\"><span><img loading=\"lazy\" decoding=\"async\" width=\"658\" height=\"388\" src=\"https:\/\/www.ctce.ro\/site\/wp-content\/uploads\/2020\/05\/sigla_jurist_pro.png\" class=\"attachment-full size-full\" alt=\"https:\/\/www.ctce.ro\/site\/wp-content\/uploads\/2020\/05\/sigla_jurist_pro.png\" data-full_image_src=\"https:\/\/www.ctce.ro\/site\/wp-content\/uploads\/2020\/05\/sigla_jurist_pro.png\" srcset=\"https:\/\/www.ctce.ro\/site\/wp-content\/uploads\/2020\/05\/sigla_jurist_pro.png 658w, https:\/\/www.ctce.ro\/site\/wp-content\/uploads\/2020\/05\/sigla_jurist_pro-640x377.png 640w, https:\/\/www.ctce.ro\/site\/wp-content\/uploads\/2020\/05\/sigla_jurist_pro-320x189.png 320w, https:\/\/www.ctce.ro\/site\/wp-content\/uploads\/2020\/05\/sigla_jurist_pro-600x354.png 600w\" sizes=\"auto, (max-width: 658px) 100vw, 658px\" \/><\/span><\/div><div class=\"bt_bb_separator bt_bb_border_style_none bt_bb_top_spacing_extra_small bt_bb_bottom_spacing_small\" data-bt-override-class=\"null\"><\/div><header class=\"bt_bb_headline bt_bb_dash_none bt_bb_subheadline bt_bb_size_large bt_bb_align_inherit\" data-bt-override-class=\"{&quot;bt_bb_size_&quot;:{&quot;current_class&quot;:&quot;bt_bb_size_large&quot;,&quot;def&quot;:&quot;large&quot;,&quot;xl&quot;:&quot;large&quot;},&quot;bt_bb_align_&quot;:{&quot;current_class&quot;:&quot;bt_bb_align_inherit&quot;,&quot;def&quot;:&quot;inherit&quot;,&quot;xl&quot;:&quot;inherit&quot;}}\"><h1 class=\"bt_bb_headline_tag\"><span class=\"bt_bb_headline_content\"><span><b>JuristPRO<\/b> <\/span><\/span><\/h1><div class=\"bt_bb_headline_subheadline\">Aplica\u021bia asigur\u0103 gestiunea dosarelor de instan\u021b\u0103.<\/div><\/header><\/div><\/div><\/div><\/div><div class=\"bt_bb_row \"  data-bt-override-class=\"{}\"><div class=\"bt_bb_row_holder\" ><div  class=\"bt_bb_column col-xl-12 bt_bb_align_left bt_bb_vertical_align_top bt_bb_padding_normal\"  data-width=\"12\" data-bt-override-class=\"{}\"><div class=\"bt_bb_column_content\"><\/div><\/div><\/div><\/div><\/div><\/div><\/div><div class=\"bt_bb_section_bottom_section_coverage_image\"><img decoding=\"async\" src=\"https:\/\/www.ctce.ro\/site\/wp-content\/uploads\/2019\/08\/bgn-gray-curve-bottom-left-1.png\" alt=\"bt_bb_section_bottom_section_coverage_image\" \/><\/div><\/section><section id=\"bt_bb_section69e0fc3a2f94b\"  class=\"bt_bb_section bt_bb_layout_boxed_1200 bt_bb_vertical_align_top bt_bb_top_spacing_normal bt_bb_bottom_spacing_small\"  data-bt-override-class=\"null\"><div class=\"bt_bb_port\"><div class=\"bt_bb_cell\"><div class=\"bt_bb_cell_inner\"><div class=\"bt_bb_row \"  data-bt-override-class=\"{}\"><div class=\"bt_bb_row_holder\" ><div  class=\"bt_bb_column col-xl-12 bt_bb_align_left bt_bb_vertical_align_top bt_bb_padding_normal\"  data-width=\"12\" data-bt-override-class=\"{}\"><div class=\"bt_bb_column_content\"><div  class=\"bt_bb_text\" ><\/p>\n<p>\n<\/div><\/div><\/div><\/div><\/div><div class=\"bt_bb_row \"  data-bt-override-class=\"{}\"><div class=\"bt_bb_row_holder\" ><div  class=\"bt_bb_column col-xl-12 bt_bb_align_left bt_bb_vertical_align_top bt_bb_padding_normal\"  data-width=\"12\" data-bt-override-class=\"{}\"><div class=\"bt_bb_column_content\"><div class=\" bt_bb_row_inner\"   data-bt-override-class=\"{}\"><div class=\"bt_bb_row_inner_holder\"  ><div  class=\"bt_bb_column_inner col-xl-4 bt_bb_align_left bt_bb_vertical_align_top\"  data-width=\"4\" data-bt-override-class=\"{}\"><div class=\"bt_bb_column_inner_content\"><div  class=\"bt_bb_text\" ><\/div><div class=\"bt_bb_image bt_bb_shape_square bt_bb_target_lightbox bt_bb_use_lightbox bt_bb_align_inherit bt_bb_hover_style_zoom-in bt_bb_content_display_always bt_bb_content_align_middle\" data-bt-override-class=\"{&quot;bt_bb_align_&quot;:{&quot;current_class&quot;:&quot;bt_bb_align_inherit&quot;,&quot;def&quot;:&quot;inherit&quot;,&quot;xl&quot;:&quot;inherit&quot;}}\"><a href=\"#lightbox\"  target=\"_blank\" title=\"juristpro\"><img loading=\"lazy\" decoding=\"async\" width=\"600\" height=\"579\" src=\"https:\/\/www.ctce.ro\/site\/wp-content\/uploads\/2020\/05\/juristpro-600x579.png\" class=\"attachment-woocommerce_single size-woocommerce_single\" alt=\"https:\/\/www.ctce.ro\/site\/wp-content\/uploads\/2020\/05\/juristpro-600x579.png\" data-full_image_src=\"https:\/\/www.ctce.ro\/site\/wp-content\/uploads\/2020\/05\/juristpro.png\" title=\"juristpro\" srcset=\"https:\/\/www.ctce.ro\/site\/wp-content\/uploads\/2020\/05\/juristpro-600x579.png 600w, https:\/\/www.ctce.ro\/site\/wp-content\/uploads\/2020\/05\/juristpro-640x618.png 640w, https:\/\/www.ctce.ro\/site\/wp-content\/uploads\/2020\/05\/juristpro-1280x1236.png 1280w, https:\/\/www.ctce.ro\/site\/wp-content\/uploads\/2020\/05\/juristpro-768x742.png 768w, https:\/\/www.ctce.ro\/site\/wp-content\/uploads\/2020\/05\/juristpro-1536x1483.png 1536w, https:\/\/www.ctce.ro\/site\/wp-content\/uploads\/2020\/05\/juristpro-320x309.png 320w, https:\/\/www.ctce.ro\/site\/wp-content\/uploads\/2020\/05\/juristpro.png 1594w\" sizes=\"auto, (max-width: 600px) 100vw, 600px\" \/><\/a><\/div><\/div><\/div><div  class=\"bt_bb_column_inner col-xl-8 bt_bb_align_left bt_bb_vertical_align_top\"  data-width=\"8\" data-bt-override-class=\"{}\"><div class=\"bt_bb_column_inner_content\"><div  class=\"bt_bb_text\" ><\/p>\n<p>Stocheaz\u0103 toate dosarele de instan\u0163\u0103 gestionate de Cabinetul de Avocatura, Direc\u021bia juridic\u0103, repartizate pe utilizatori individuali;<br \/>\nPermite identificarea cu u\u0219urin\u021b\u0103 a unui dosar din aplica\u021bie, prin multiplele filtre \u0219i instrumente de c\u0103utare, care se pot aplica individual sau cumulativ.<br \/>\nMonitorizeaz\u0103 dosarele comunic\u00e2nd userului (SMS \u0219i E-mail) orice termen pe care \u00eel va avea \u00eentr-un dosar, orice solu\u0163ie nou\u0103 care apare pe portalurile instan\u021belor, precum \u0219i orice activitate care trebuie \u00eentreprins\u0103 pe un dosar<br \/>\nSe sincronizeaz\u0103 permanent cu portalul instan\u021belor \u0219i preia automat toate datele de pe acestea \u00een dosarele aplica\u021biei;<br \/>\nPermite realizarea rapoartelor de activitate \u00eentr-un minut (lunar se furnizeaz\u0103 beneficiarului un raport cu toate dosarele lunii precedente);<br \/>\nAplica\u021bia permite accesul pe baza unei structuri organizatorice alc\u0103tuit\u0103 din utilizatori \u0219i unit\u0103\u021bi administrative de apartenen\u021b\u0103 (grupuri).<\/p>\n<p>\n<\/div><div class=\"bt_bb_accordion\"><\/div><\/div><\/div><\/div><\/div><\/div><\/div><\/div><\/div><\/div><\/div><\/div><\/section><section id=\"bt_bb_section69e0fc3a306cb\"  class=\"bt_bb_section bt_bb_layout_boxed_1200 bt_bb_vertical_align_top bt_bb_top_spacing_small bt_bb_bottom_spacing_extra_small\"  data-bt-override-class=\"null\"><div class=\"bt_bb_port\"><div class=\"bt_bb_cell\"><div class=\"bt_bb_cell_inner\"><div class=\"bt_bb_row \"  data-bt-override-class=\"{}\"><div class=\"bt_bb_row_holder\" ><div  class=\"bt_bb_column col-xl-12 bt_bb_align_left bt_bb_vertical_align_top bt_bb_padding_normal\"  data-width=\"12\" data-bt-override-class=\"{}\"><div class=\"bt_bb_column_content\"><div class=\" bt_bb_row_inner\"   data-bt-override-class=\"{}\"><div class=\"bt_bb_row_inner_holder\"  ><div  class=\"bt_bb_column_inner col-xl-12 bt_bb_align_left bt_bb_vertical_align_top\"  data-width=\"12\" data-bt-override-class=\"{}\"><div class=\"bt_bb_column_inner_content\"><div  class=\"bt_bb_text\" ><\/p>\n<p style=\"text-align: center;\"><a href=\"https:\/\/www.ctce.ro\/reclame\/infographic\/juristpro\/\" target=\"_blank\" rel=\"noopener\"><img loading=\"lazy\" decoding=\"async\" class=\"aligncenter size-full wp-image-4818\" src=\"https:\/\/www.ctce.ro\/site\/wp-content\/uploads\/2020\/05\/avocatpro_prezentare.jpg\" alt=\"\" width=\"1474\" height=\"916\" srcset=\"https:\/\/www.ctce.ro\/site\/wp-content\/uploads\/2020\/05\/avocatpro_prezentare.jpg 1474w, https:\/\/www.ctce.ro\/site\/wp-content\/uploads\/2020\/05\/avocatpro_prezentare-640x398.jpg 640w, https:\/\/www.ctce.ro\/site\/wp-content\/uploads\/2020\/05\/avocatpro_prezentare-1280x795.jpg 1280w, https:\/\/www.ctce.ro\/site\/wp-content\/uploads\/2020\/05\/avocatpro_prezentare-768x477.jpg 768w, https:\/\/www.ctce.ro\/site\/wp-content\/uploads\/2020\/05\/avocatpro_prezentare-320x199.jpg 320w, https:\/\/www.ctce.ro\/site\/wp-content\/uploads\/2020\/05\/avocatpro_prezentare-600x373.jpg 600w\" sizes=\"auto, (max-width: 1474px) 100vw, 1474px\" \/><\/a><\/p>\n<p>\n<\/div><div id=\"formulardemo\" class=\"bt_bb_text bt_bb_animation_fade_in animate\" style=\"padding:25px;\"><\/p>\n<h4 style=\"text-align: center;\">Solicit\u0103 un cont demo pentru a testa aplica\u021bia!<\/h4>\n<p style=\"text-align: center;\"><strong>Ob\u0163ine p\u00e2n\u0103 la 10% discount \u00een func\u0163ie de plata \u00een avans a abonamentului<\/strong><\/p>\n<p>\n<\/div><div class=\"bt_bb_contact_form_7\">\n<div class=\"wpcf7 no-js\" id=\"wpcf7-f4813-o1\" lang=\"ro-RO\" dir=\"ltr\" data-wpcf7-id=\"4813\">\n<div class=\"screen-reader-response\"><p role=\"status\" aria-live=\"polite\" aria-atomic=\"true\"><\/p> <ul><\/ul><\/div>\n<form action=\"\/site\/wp-json\/wp\/v2\/product\/3016#wpcf7-f4813-o1\" method=\"post\" class=\"wpcf7-form init\" aria-label=\"Formular de contact\" novalidate=\"novalidate\" data-status=\"init\">\n<fieldset class=\"hidden-fields-container\"><input type=\"hidden\" name=\"_wpcf7\" value=\"4813\" \/><input type=\"hidden\" name=\"_wpcf7_version\" value=\"6.1.3\" \/><input type=\"hidden\" name=\"_wpcf7_locale\" value=\"ro_RO\" \/><input type=\"hidden\" name=\"_wpcf7_unit_tag\" value=\"wpcf7-f4813-o1\" \/><input type=\"hidden\" name=\"_wpcf7_container_post\" value=\"0\" \/><input type=\"hidden\" name=\"_wpcf7_posted_data_hash\" value=\"\" \/><input type=\"hidden\" name=\"_wpcf7_recaptcha_response\" value=\"\" \/>\n<\/fieldset>\n<p><label> Numele t\u0103u (obligatoriu)<br \/>\n<span class=\"wpcf7-form-control-wrap\" data-name=\"your-name\"><input size=\"40\" maxlength=\"400\" class=\"wpcf7-form-control wpcf7-text wpcf7-validates-as-required\" aria-required=\"true\" aria-invalid=\"false\" value=\"\" type=\"text\" name=\"your-name\" \/><\/span> <\/label>\n<\/p>\n<p><label> Emailul t\u0103u (obligatoriu)<br \/>\n<span class=\"wpcf7-form-control-wrap\" data-name=\"your-email\"><input size=\"40\" maxlength=\"400\" class=\"wpcf7-form-control wpcf7-email wpcf7-validates-as-required wpcf7-text wpcf7-validates-as-email\" aria-required=\"true\" aria-invalid=\"false\" value=\"\" type=\"email\" name=\"your-email\" \/><\/span> <\/label>\n<\/p>\n<p><label> Num\u0103r de contact (obligatoriu)<br \/>\n<span class=\"wpcf7-form-control-wrap\" data-name=\"tel-872\"><input size=\"40\" maxlength=\"400\" class=\"wpcf7-form-control wpcf7-tel wpcf7-validates-as-required wpcf7-text wpcf7-validates-as-tel\" aria-required=\"true\" aria-invalid=\"false\" value=\"\" type=\"tel\" name=\"tel-872\" \/><\/span> <\/label><br \/>\n<span class=\"wpcf7-form-control-wrap\" data-name=\"checkbox-388\"><span class=\"wpcf7-form-control wpcf7-checkbox wpcf7-validates-as-required\"><span class=\"wpcf7-list-item first last\"><input type=\"checkbox\" name=\"checkbox-388[]\" value=\"Conform cerintelor Regulamentului UE 679\/2016 sunt de acord ca SC CTCE SA sa colecteze si sa prelucreze datele din formular in scopurile enuntate in Date cu caracter personal.\" \/><span class=\"wpcf7-list-item-label\">Conform cerintelor Regulamentului UE 679\/2016 sunt de acord ca SC CTCE SA sa colecteze si sa prelucreze datele din formular in scopurile enuntate in Date cu caracter personal.<\/span><\/span><\/span><\/span>\n<\/p>\n<p><input class=\"wpcf7-form-control wpcf7-submit has-spinner\" type=\"submit\" value=\"Trimite solicitarea\" \/>\n<\/p><div class=\"wpcf7-response-output\" aria-hidden=\"true\"><\/div>\n<\/form>\n<\/div>\n<\/div><\/div><\/div><\/div><\/div><\/div><\/div><\/div><\/div><\/div><\/div><\/div><\/section><\/p>\n","protected":false},"excerpt":{"rendered":"","protected":false},"featured_media":6131,"template":"","meta":[],"product_brand":[],"product_cat":[50],"product_tag":[],"class_list":{"0":"post-3016","1":"product","2":"type-product","3":"status-publish","4":"has-post-thumbnail","6":"product_cat-solutii-juridice2","8":"first","9":"instock","10":"shipping-taxable","11":"product-type-simple"},"_links":{"self":[{"href":"https:\/\/www.ctce.ro\/site\/wp-json\/wp\/v2\/product\/3016","targetHints":{"allow":["GET"]}}],"collection":[{"href":"https:\/\/www.ctce.ro\/site\/wp-json\/wp\/v2\/product"}],"about":[{"href":"https:\/\/www.ctce.ro\/site\/wp-json\/wp\/v2\/types\/product"}],"wp:featuredmedia":[{"embeddable":true,"href":"https:\/\/www.ctce.ro\/site\/wp-json\/wp\/v2\/media\/6131"}],"wp:attachment":[{"href":"https:\/\/www.ctce.ro\/site\/wp-json\/wp\/v2\/media?parent=3016"}],"wp:term":[{"taxonomy":"product_brand","embeddable":true,"href":"https:\/\/www.ctce.ro\/site\/wp-json\/wp\/v2\/product_brand?post=3016"},{"taxonomy":"product_cat","embeddable":true,"href":"https:\/\/www.ctce.ro\/site\/wp-json\/wp\/v2\/product_cat?post=3016"},{"taxonomy":"product_tag","embeddable":true,"href":"https:\/\/www.ctce.ro\/site\/wp-json\/wp\/v2\/product_tag?post=3016"}],"curies":[{"name":"wp","href":"https:\/\/api.w.org\/{rel}","templated":true}]}}