{"id":3014,"date":"2020-05-29T07:33:49","date_gmt":"2020-05-29T07:33:49","guid":{"rendered":"http:\/\/www.ctce.ro\/site\/?post_type=product&#038;p=3014"},"modified":"2024-01-31T13:10:10","modified_gmt":"2024-01-31T10:10:10","slug":"ilegis","status":"publish","type":"product","link":"https:\/\/www.ctce.ro\/site\/produs\/ilegis\/","title":{"rendered":"iLegis"},"content":{"rendered":"<p><section id=\"bt_bb_section69e0fc3ab501b\" data-parallax=\"0.8\" data-parallax-offset=\"-200\" data-background_image_src=\"'https:\/\/www.ctce.ro\/site\/wp-content\/uploads\/2019\/09\/blog-14-3.jpg'\" class=\"bt_bb_section bt_bb_layout_boxed_1200 bt_bb_vertical_align_top bt_bb_parallax btLazyLoadBackground bt_bb_background_image bt_bb_background_overlay_light_solid bt_bb_top_spacing_large bt_bb_bottom_spacing_large bt_bb_section_with_bottom_coverage_image\" style=\"background-image:url(&#039;https:\/\/www.ctce.ro\/site\/wp-content\/plugins\/bold-page-builder\/img\/blank.gif&#039;);\" data-bt-override-class=\"null\"><div class=\"bt_bb_port\"><div class=\"bt_bb_cell\"><div class=\"bt_bb_cell_inner\"><div class=\"bt_bb_row \"  data-bt-override-class=\"{}\"><div class=\"bt_bb_row_holder\" ><div  class=\"bt_bb_column col-xl-12 bt_bb_align_center bt_bb_vertical_align_top bt_bb_animation_fade_in move_up animate bt_bb_padding_normal\"  data-width=\"12\" data-bt-override-class=\"{}\"><div class=\"bt_bb_column_content\"><div class=\"bt_bb_image bt_bb_shape_square bt_bb_target_self bt_bb_align_inherit bt_bb_hover_style_simple bt_bb_content_display_always bt_bb_content_align_middle\" style=\"max-width: 130px;\" data-bt-override-class=\"{}\"><span><img loading=\"lazy\" decoding=\"async\" width=\"1368\" height=\"1393\" src=\"https:\/\/www.ctce.ro\/site\/wp-content\/uploads\/2020\/05\/favicon.fw_.png\" class=\"attachment-full size-full\" alt=\"https:\/\/www.ctce.ro\/site\/wp-content\/uploads\/2020\/05\/favicon.fw_.png\" data-full_image_src=\"https:\/\/www.ctce.ro\/site\/wp-content\/uploads\/2020\/05\/favicon.fw_.png\" title=\"favicon.fw\" srcset=\"https:\/\/www.ctce.ro\/site\/wp-content\/uploads\/2020\/05\/favicon.fw_.png 1368w, https:\/\/www.ctce.ro\/site\/wp-content\/uploads\/2020\/05\/favicon.fw_-640x652.png 640w, https:\/\/www.ctce.ro\/site\/wp-content\/uploads\/2020\/05\/favicon.fw_-1280x1303.png 1280w, https:\/\/www.ctce.ro\/site\/wp-content\/uploads\/2020\/05\/favicon.fw_-768x782.png 768w, https:\/\/www.ctce.ro\/site\/wp-content\/uploads\/2020\/05\/favicon.fw_-320x326.png 320w, https:\/\/www.ctce.ro\/site\/wp-content\/uploads\/2020\/05\/favicon.fw_-600x611.png 600w\" sizes=\"auto, (max-width: 1368px) 100vw, 1368px\" \/><\/span><\/div><div class=\"bt_bb_separator bt_bb_border_style_none bt_bb_top_spacing_extra_small bt_bb_bottom_spacing_small\" data-bt-override-class=\"null\"><\/div><header class=\"bt_bb_headline bt_bb_dash_none bt_bb_subheadline bt_bb_size_large bt_bb_align_inherit\" data-bt-override-class=\"{}\"><h1 class=\"bt_bb_headline_tag\"><span class=\"bt_bb_headline_content\"><span><b>iLegis<\/b> <\/span><\/span><\/h1><div class=\"bt_bb_headline_subheadline\">iLegis ofer\u0103 posibilitatea de a accesa ONLINE baza de date legislativ\u0103 a programului LEGIS, direct de dispozitivul dumneavoastr\u0103.<br \/><br \/>\n<\/div><\/header><\/div><\/div><\/div><\/div><div class=\"bt_bb_row \"  data-bt-override-class=\"{}\"><div class=\"bt_bb_row_holder\" ><div  class=\"bt_bb_column col-xl-12 bt_bb_align_left bt_bb_vertical_align_top bt_bb_padding_normal\"  data-width=\"12\" data-bt-override-class=\"{}\"><div class=\"bt_bb_column_content\"><\/div><\/div><\/div><\/div><\/div><\/div><\/div><div class=\"bt_bb_section_bottom_section_coverage_image\"><img decoding=\"async\" src=\"https:\/\/www.ctce.ro\/site\/wp-content\/uploads\/2019\/08\/bgn-gray-curve-bottom-left-1.png\" alt=\"bt_bb_section_bottom_section_coverage_image\" \/><\/div><\/section><section id=\"bt_bb_section69e0fc3ab5f65\"  class=\"bt_bb_section bt_bb_layout_boxed_1200 bt_bb_vertical_align_top bt_bb_top_spacing_normal bt_bb_bottom_spacing_small\"  data-bt-override-class=\"null\"><div class=\"bt_bb_port\"><div class=\"bt_bb_cell\"><div class=\"bt_bb_cell_inner\"><div class=\"bt_bb_row \"  data-bt-override-class=\"{}\"><div class=\"bt_bb_row_holder\" ><div  class=\"bt_bb_column col-xl-12 bt_bb_align_left bt_bb_vertical_align_top bt_bb_padding_normal\"  data-width=\"12\" data-bt-override-class=\"{}\"><div class=\"bt_bb_column_content\"><div  class=\"bt_bb_text\" ><\/p>\n<style>\n.btPostSingleItemStandard .port {max-width:100% !important; padding: 0 !important;} .woocommerce-product-gallery, .entry-summary {display: none;} .bt_bb_tab_content h2 {display:none;} .bt_bb_grid_item_post_content {    font-size: 14px !important; text-align: center; } .bt_bb_grid_item_post_content a {font-weight: 500;} .bt_bb_grid_item {padding:10px !important;}<\/style>\n<p>\n<\/div><\/div><\/div><\/div><\/div><div class=\"bt_bb_row \"  data-bt-override-class=\"{}\"><div class=\"bt_bb_row_holder\" ><div  class=\"bt_bb_column col-xl-12 bt_bb_align_left bt_bb_vertical_align_top bt_bb_padding_normal\"  data-width=\"12\" data-bt-override-class=\"{}\"><div class=\"bt_bb_column_content\"><div class=\" bt_bb_row_inner\"   data-bt-override-class=\"{}\"><div class=\"bt_bb_row_inner_holder\"  ><div  class=\"bt_bb_column_inner col-xl-4 bt_bb_align_left bt_bb_vertical_align_top\"  data-width=\"4\" data-bt-override-class=\"{}\"><div class=\"bt_bb_column_inner_content\"><div  class=\"bt_bb_text\" ><\/div><div class=\"bt_bb_image bt_bb_shape_square bt_bb_target_lightbox bt_bb_use_lightbox bt_bb_align_inherit bt_bb_hover_style_zoom-in bt_bb_content_display_always bt_bb_content_align_middle\" data-bt-override-class=\"{}\"><a href=\"#lightbox\"  target=\"_blank\" title=\"ilegis\"><img loading=\"lazy\" decoding=\"async\" width=\"600\" height=\"600\" src=\"https:\/\/www.ctce.ro\/site\/wp-content\/uploads\/2020\/05\/ilegis-2-600x600.png\" class=\"attachment-woocommerce_single size-woocommerce_single\" alt=\"https:\/\/www.ctce.ro\/site\/wp-content\/uploads\/2020\/05\/ilegis-2-600x600.png\" data-full_image_src=\"https:\/\/www.ctce.ro\/site\/wp-content\/uploads\/2020\/05\/ilegis-2.png\" title=\"ilegis\" srcset=\"https:\/\/www.ctce.ro\/site\/wp-content\/uploads\/2020\/05\/ilegis-2-600x600.png 600w, https:\/\/www.ctce.ro\/site\/wp-content\/uploads\/2020\/05\/ilegis-2-640x640.png 640w, https:\/\/www.ctce.ro\/site\/wp-content\/uploads\/2020\/05\/ilegis-2-1280x1280.png 1280w, https:\/\/www.ctce.ro\/site\/wp-content\/uploads\/2020\/05\/ilegis-2-160x160.png 160w, https:\/\/www.ctce.ro\/site\/wp-content\/uploads\/2020\/05\/ilegis-2-768x768.png 768w, https:\/\/www.ctce.ro\/site\/wp-content\/uploads\/2020\/05\/ilegis-2-320x320.png 320w, https:\/\/www.ctce.ro\/site\/wp-content\/uploads\/2020\/05\/ilegis-2-300x300.png 300w, https:\/\/www.ctce.ro\/site\/wp-content\/uploads\/2020\/05\/ilegis-2-100x100.png 100w, https:\/\/www.ctce.ro\/site\/wp-content\/uploads\/2020\/05\/ilegis-2.png 1500w\" sizes=\"auto, (max-width: 600px) 100vw, 600px\" \/><\/a><\/div><\/div><\/div><div  class=\"bt_bb_column_inner col-xl-8 bt_bb_align_left bt_bb_vertical_align_top\"  data-width=\"8\" data-bt-override-class=\"{}\"><div class=\"bt_bb_column_inner_content\"><div  class=\"bt_bb_text\" ><\/p>\n<p><strong>iLegis<\/strong>\u00a0\u2013 Aplicatia legislativa\u00a0a\u00a0<strong>CTCE Piatra-Neamt<\/strong>\u00a0este\u00a0cea mai completa si corecta\u00a0baza de date legislativa\u00a0din Romania, garantie oferita prin castigarea procedurii de achizitie publica pentru Proiectul \u201cImplementarea portalului N-Lex\u201d lansata\u00a0de catre Ministerul Justitiei in numele Guvernului Romaniei in vederea interconectarii legislatiei Romaniei cu portalul legislativ oficial al Uniunii Europene, ca o obligatie care revenea statului roman prin Strategia Lisabona.<\/p>\n<ul>\n<li>Softul legislativ\u00a0\u201cLEGIS\u201c este axat in totalitate catre facilitarea accesului dumneavoastra la intreaga legislatie a ROMANIEI si la legislatia Uniunii Europene aflata in conexiune directa cu aceasta.<\/li>\n<li>Acces ONLINE la legislatia romaneasca si la legislatia Uniunii Eurpone prin programul legislativ iLEGIS. Prin intermediul browser-ului de pe calculatorul dumneavoastra prin intermendiul internetului oferind un acces facil la aplicatia iLEGIS<\/li>\n<li><strong>Important!<\/strong>\u00a0Incepand cu luna ianuarie 2020,\u00a0<strong>iLegis<\/strong>\u00a0poate fi consultat integral in limbile:\u00a0<strong>Romana, Engleza,\u00a0Franceza,\u00a0Germana, Italiana, Maghiara, Rusa, si Bulgara<\/strong><\/li>\n<\/ul>\n<p>\n<\/div><div class=\"bt_bb_accordion\"><\/div><\/div><\/div><\/div><\/div><\/div><\/div><\/div><\/div><\/div><\/div><\/div><\/section><section id=\"bt_bb_section69e0fc3ab6d02\"  class=\"bt_bb_section bt_bb_layout_boxed_1200 bt_bb_vertical_align_top bt_bb_top_spacing_small bt_bb_bottom_spacing_extra_small\"  data-bt-override-class=\"null\"><div class=\"bt_bb_port\"><div class=\"bt_bb_cell\"><div class=\"bt_bb_cell_inner\"><div class=\"bt_bb_row \"  data-bt-override-class=\"{}\"><div class=\"bt_bb_row_holder\" ><div  class=\"bt_bb_column col-xl-12 bt_bb_align_left bt_bb_vertical_align_top bt_bb_padding_normal\"  data-width=\"12\" data-bt-override-class=\"{}\"><div class=\"bt_bb_column_content\"><div class=\" bt_bb_row_inner\"   data-bt-override-class=\"{}\"><div class=\"bt_bb_row_inner_holder\"  ><div  class=\"bt_bb_column_inner col-xl-3 bt_bb_align_left bt_bb_vertical_align_top\"  data-width=\"3\" data-bt-override-class=\"{}\"><div class=\"bt_bb_column_inner_content\"><div  class=\"bt_bb_text\" ><\/p>\n<h4>MODULE iLegis<\/h4>\n<p>\n<\/div><div class=\"bt_bb_masonry_portfolio_grid bt_bb_grid_container bt_bb_columns_2 bt_bb_gap_no_gap bt_bb_look_image_above bt_bb_date_design_round-top-left\" data-columns=\"2\"><div class=\"bt_bb_post_grid_loader\"><span class=\"box1\"><\/span><span class=\"box2\"><\/span><span class=\"box3\"><\/span><span class=\"box4\"><\/span><span class=\"box5\"><\/span><\/div><div class=\"bt_bb_masonry_portfolio_grid_content bt_bb_grid_hide\" data-bt-nonce=\"463eac5d14\" data-number-portfolio=\"1000\" data-category-portfolio=\"ilegis\" data-post-type=\"portfolio\" data-show-portfolio=\"a%3A7%3A%7Bs%3A8%3A%22category%22%3Bb%3A0%3Bs%3A4%3A%22date%22%3Bb%3A0%3Bs%3A6%3A%22author%22%3Bb%3A0%3Bs%3A8%3A%22comments%22%3Bb%3A0%3Bs%3A7%3A%22excerpt%22%3Bb%3A0%3Bs%3A5%3A%22share%22%3Bb%3A0%3Bs%3A9%3A%22read_more%22%3Bb%3A0%3B%7D\" data-date-design=\"round-top-left\"  data-target=\"_blank\"><div class=\"bt_bb_grid_sizer\"><\/div><\/div><\/div><\/div><\/div><div  class=\"bt_bb_column_inner col-xl-9 bt_bb_align_left bt_bb_vertical_align_top\"  data-width=\"9\" data-bt-override-class=\"{}\"><div class=\"bt_bb_column_inner_content\"><div  class=\"bt_bb_text\" ><\/p>\n<p><img loading=\"lazy\" decoding=\"async\" width=\"1308\" height=\"1095\" class=\"alignnone size-full wp-image-3363\" style=\"width: 100%;\" src=\"http:\/\/www.ctce.ro\/site\/wp-content\/uploads\/2020\/05\/ilegis2.png\" alt=\"\" srcset=\"https:\/\/www.ctce.ro\/site\/wp-content\/uploads\/2020\/05\/ilegis2.png 1308w, https:\/\/www.ctce.ro\/site\/wp-content\/uploads\/2020\/05\/ilegis2-640x536.png 640w, https:\/\/www.ctce.ro\/site\/wp-content\/uploads\/2020\/05\/ilegis2-1280x1072.png 1280w, https:\/\/www.ctce.ro\/site\/wp-content\/uploads\/2020\/05\/ilegis2-768x643.png 768w, https:\/\/www.ctce.ro\/site\/wp-content\/uploads\/2020\/05\/ilegis2-320x268.png 320w, https:\/\/www.ctce.ro\/site\/wp-content\/uploads\/2020\/05\/ilegis2-600x502.png 600w\" sizes=\"auto, (max-width: 1308px) 100vw, 1308px\" \/><\/p>\n<p>\n<\/div><\/div><\/div><\/div><\/div><\/div><\/div><\/div><\/div><\/div><\/div><\/div><\/section><section id=\"bt_bb_section69e0fc3ab724e\"  class=\"bt_bb_section bt_bb_layout_boxed_1400 bt_bb_vertical_align_top bt_bb_top_spacing_small bt_bb_bottom_spacing_small\" style=\";background-color:#f1f1f1;\" data-bt-override-class=\"null\"><div class=\"bt_bb_port\"><div class=\"bt_bb_cell\"><div class=\"bt_bb_cell_inner\"><div class=\"bt_bb_row \" style=\"padding-bottom:20px;\" data-bt-override-class=\"{}\"><div class=\"bt_bb_row_holder\" ><div  class=\"bt_bb_column col-xl-12 bt_bb_align_left bt_bb_vertical_align_top bt_bb_padding_normal\"  data-width=\"12\" data-bt-override-class=\"{}\"><div class=\"bt_bb_column_content\"><div  class=\"bt_bb_text\" ><\/p>\n<h4 style=\"text-align: center;\">Consult\u0103 \u0219i alege planul de abonament lunar ideal pentru nevoile tale!<\/h4>\n<p style=\"text-align: center;\"><strong>Ob\u0163ine p\u00e2n\u0103 la 10% discount \u00een func\u0163ie de plata \u00een avans a abonamentului anual<br \/>\n<\/strong><\/p>\n<p>\n<\/div><\/div><\/div><\/div><\/div><div class=\"bt_bb_row \"  data-bt-override-class=\"{}\"><div class=\"bt_bb_row_holder\" ><div  class=\"bt_bb_column col-xl-3 bt_bb_align_left bt_bb_vertical_align_top bt_bb_animation_fade_in animate bt_bb_padding_normal\"  data-width=\"3\" data-bt-override-class=\"{}\"><div class=\"bt_bb_column_content\"><div class=\"bt_bb_price_list bt_bb_color_scheme_5 bt_bb_design_round-top-left bt_bb_highlight\" style=\";background-color:#ffffff;\"><div class=\"bt_bb_icon bt_bb_style_borderless bt_bb_size_xlarge bt_bb_shape_circle bt_bb_text_empty bt_bb_align_inherit\" data-bt-override-class=\"{}\"><span  data-ico-agilemethodology=\"&#xe918;\" class=\"bt_bb_icon_holder\"><\/span><\/div><div class=\"bt_bb_price_list_title_subtitle_price\"><div class=\"bt_bb_price_list_title_wrap\"><div class=\"bt_bb_price_list_price\"><span class=\"bt_bb_price_list_currency\"><\/span><span class=\"bt_bb_price_list_amount\">75 LEI<\/span><\/div><div class=\"bt_bb_price_list_title_subtitle\"><div class=\"bt_bb_price_list_title\">iLegis Start<\/div><div class=\"bt_bb_price_list_subtitle\">Pachet de baz\u0103, cuprinde 6 module<\/div><\/div><\/div><\/div><ul><li>Legisla\u021bie rom\u00e2neasc\u0103<br \/><\/li><li>Dic\u021bionare<br \/><\/li><li>Defini\u021bii \u0219i abrevieri<br \/><\/li><li>Legislatie european\u0103<br \/><\/li><li>Jurispruden\u021b\u0103 european\u0103<br \/><\/li><li>Jurispruden\u021b\u0103 rom\u00e2neasc\u0103<\/li><\/ul><\/div><div class=\" bt_bb_row_inner\" style=\"margin-top: -2em; position: relative;\"  data-bt-override-class=\"{}\"><div class=\"bt_bb_row_inner_holder\"  ><div  class=\"bt_bb_column_inner col-xl-12 bt_bb_align_center bt_bb_vertical_align_top bt_bb_padding_normal\"  data-width=\"12\" data-bt-override-class=\"{}\"><div class=\"bt_bb_column_inner_content\"><div class=\"bt_bb_button bt_bb_color_scheme_11 bt_bb_icon_position_left bt_bb_style_filled bt_bb_size_normal bt_bb_width_inline bt_bb_shape_round-bottom-right bt_bb_target_blank bt_bb_align_inherit\" style=\"; --primary-color:#ffffff; --secondary-color:#210d94;\" data-bt-override-class=\"{}\"><a href=\"https:\/\/www.ilegis.ro\/auth\/auth\/planuriabonament\" target=\"_blank\" class=\"bt_bb_link\" title=\"Afl\u0103 detalii\"><span class=\"bt_bb_button_text\" >Afl\u0103 detalii<\/span><span  data-ico-icon7stroke=\"&#xe647;\" class=\"bt_bb_icon_holder\"><\/span><\/a><\/div><\/div><\/div><\/div><\/div><div class=\"bt_bb_separator bt_bb_border_style_none bt_bb_top_spacing_medium bt_bb_hidden_md bt_bb_hidden_lg\" data-bt-override-class=\"null\"><\/div><\/div><\/div><div  class=\"bt_bb_column col-xl-3 bt_bb_align_left bt_bb_vertical_align_top bt_bb_animation_fade_in animate bt_bb_padding_normal\"  data-width=\"3\" data-bt-override-class=\"{}\"><div class=\"bt_bb_column_content\"><div class=\"bt_bb_price_list bt_bb_color_scheme_5 bt_bb_design_round-top-left bt_bb_highlight\" style=\";background-color:#ffffff;\"><div class=\"bt_bb_icon bt_bb_style_borderless bt_bb_size_xlarge bt_bb_shape_circle bt_bb_text_empty bt_bb_align_inherit\" data-bt-override-class=\"{}\"><span  data-ico-agilemethodology=\"&#xe907;\" class=\"bt_bb_icon_holder\"><\/span><\/div><div class=\"bt_bb_price_list_title_subtitle_price\"><div class=\"bt_bb_price_list_title_wrap\"><div class=\"bt_bb_price_list_price\"><span class=\"bt_bb_price_list_currency\"><\/span><span class=\"bt_bb_price_list_amount\">100 LEI<\/span><\/div><div class=\"bt_bb_price_list_title_subtitle\"><div class=\"bt_bb_price_list_title\">iLegis Practic<\/div><div class=\"bt_bb_price_list_subtitle\">Pachet dedicat ariei juridice. Cuprinde 13 module<\/div><\/div><\/div><\/div><ul><li>Legisla\u021bie rom\u00e2neasc\u0103<br \/><\/li><li>Legislatie european\u0103<br \/><\/li><li>Eurojurispruden\u021b\u0103<br \/><\/li><li>Jurispruden\u021b\u0103 rom\u00e2neasc\u0103<br \/><\/li><li>Modele<br \/><\/li><li>+ \u00eenc\u0103 8 module<\/li><\/ul><\/div><div class=\" bt_bb_row_inner\" style=\"margin-top: -2em; position: relative;\"  data-bt-override-class=\"{}\"><div class=\"bt_bb_row_inner_holder\"  ><div  class=\"bt_bb_column_inner col-xl-12 bt_bb_align_center bt_bb_vertical_align_top bt_bb_padding_normal\"  data-width=\"12\" data-bt-override-class=\"{}\"><div class=\"bt_bb_column_inner_content\"><div class=\"bt_bb_button bt_bb_color_scheme_11 bt_bb_icon_position_left bt_bb_style_filled bt_bb_size_normal bt_bb_width_inline bt_bb_shape_round-bottom-right bt_bb_target_blank bt_bb_align_inherit\" style=\"; --primary-color:#ffffff; --secondary-color:#210d94;\" data-bt-override-class=\"{}\"><a href=\"https:\/\/www.ilegis.ro\/auth\/auth\/planuriabonament\" target=\"_blank\" class=\"bt_bb_link\" title=\"Afl\u0103 detalii\"><span class=\"bt_bb_button_text\" >Afl\u0103 detalii<\/span><\/a><\/div><\/div><\/div><\/div><\/div><\/div><\/div><div  class=\"bt_bb_column col-xl-3 bt_bb_align_left bt_bb_vertical_align_top bt_bb_animation_fade_in animate bt_bb_padding_normal\"  data-width=\"3\" data-bt-override-class=\"{}\"><div class=\"bt_bb_column_content\"><div class=\"bt_bb_price_list bt_bb_color_scheme_5 bt_bb_design_round-top-left\" style=\";background-color:#ffffff;\"><div class=\"bt_bb_icon bt_bb_style_borderless bt_bb_size_xlarge bt_bb_shape_circle bt_bb_text_empty bt_bb_align_inherit\" data-bt-override-class=\"{}\"><span  data-ico-agilemethodology=\"&#xe910;\" class=\"bt_bb_icon_holder\"><\/span><\/div><div class=\"bt_bb_price_list_title_subtitle_price\"><div class=\"bt_bb_price_list_title_wrap\"><div class=\"bt_bb_price_list_price\"><span class=\"bt_bb_price_list_currency\"><\/span><span class=\"bt_bb_price_list_amount\">180 LEI<\/span><\/div><div class=\"bt_bb_price_list_title_subtitle\"><div class=\"bt_bb_price_list_title\">iLegis Business<\/div><div class=\"bt_bb_price_list_subtitle\">Pachet dedicat business, cuprinde 17 module<\/div><\/div><\/div><\/div><ul><li>Legisla\u021bie rom\u00e2neasc\u0103<br \/><\/li><li>Coresponden\u021b\u0103 coduri<br \/><\/li><li>Jurispruden\u021b\u0103 rom\u00e2neasc\u0103<br \/><\/li><li>Coresponden\u021b\u0103 fiscal\u0103<br \/><\/li><li>Coresponden\u021b\u0103 regulamente<br \/><\/li><li>Coresponden\u021b\u0103 achizi\u021bii<br \/><\/li><li>+ \u00eenc\u0103 11 module<\/li><\/ul><\/div><div class=\" bt_bb_row_inner\" style=\"margin-top: -2em; position: relative;\"  data-bt-override-class=\"{}\"><div class=\"bt_bb_row_inner_holder\"  ><div  class=\"bt_bb_column_inner col-xl-12 bt_bb_align_center bt_bb_vertical_align_top bt_bb_padding_normal\"  data-width=\"12\" data-bt-override-class=\"{}\"><div class=\"bt_bb_column_inner_content\"><div class=\"bt_bb_button bt_bb_color_scheme_6 bt_bb_icon_position_left bt_bb_style_filled bt_bb_size_normal bt_bb_width_inline bt_bb_shape_inherit bt_bb_target_blank bt_bb_align_inherit\" style=\"; --primary-color:#ffffff; --secondary-color:#42A0CE;\" data-bt-override-class=\"{}\"><a href=\"https:\/\/www.ilegis.ro\/auth\/auth\/planuriabonament\" target=\"_blank\" class=\"bt_bb_link\" title=\"Afl\u0103 detalii\"><span class=\"bt_bb_button_text\" >Afl\u0103 detalii<\/span><\/a><\/div><\/div><\/div><\/div><\/div><div class=\"bt_bb_separator bt_bb_border_style_none bt_bb_top_spacing_medium bt_bb_hidden_md bt_bb_hidden_lg\" data-bt-override-class=\"null\"><\/div><\/div><\/div><div  class=\"bt_bb_column col-xl-3 bt_bb_align_left bt_bb_vertical_align_top bt_bb_animation_fade_in animate bt_bb_padding_normal\"  data-width=\"3\" data-bt-override-class=\"{}\"><div class=\"bt_bb_column_content\"><div class=\"bt_bb_price_list bt_bb_color_scheme_6 bt_bb_design_round-top-left bt_bb_highlight\" style=\";background-color:#240e9b;\"><div class=\"bt_bb_icon bt_bb_style_borderless bt_bb_size_xlarge bt_bb_shape_circle bt_bb_text_empty bt_bb_align_inherit\" data-bt-override-class=\"{}\"><span  data-ico-agilemethodology=\"&#xe90f;\" class=\"bt_bb_icon_holder\"><\/span><\/div><div class=\"bt_bb_price_list_title_subtitle_price\"><div class=\"bt_bb_price_list_title_wrap\"><div class=\"bt_bb_price_list_price\"><span class=\"bt_bb_price_list_currency\"><\/span><span class=\"bt_bb_price_list_amount\">250 LEI<\/span><\/div><div class=\"bt_bb_price_list_title_subtitle\"><div class=\"bt_bb_price_list_title\">iLegis Profesional<\/div><div class=\"bt_bb_price_list_subtitle\">Pachet complet. Cuprinde 30 module<\/div><\/div><\/div><\/div><ul><li>Legisla\u021bie rom\u00e2neasc\u0103<br \/><\/li><li>Monitoriz\u0103ri reviste<br \/><\/li><li>Coresponden\u021b\u0103 coduri<br \/><\/li><li>Dic\u021bionare<br \/><\/li><li>Defini\u021bii \u0219i abrevieri<br \/><\/li><li>Autoriza\u021bii \u0219i proceduri<br \/><\/li><li>+ \u00eenc\u0103 24 module<\/li><\/ul><\/div><div class=\" bt_bb_row_inner\" style=\"margin-top: -2em; position: relative;\"  data-bt-override-class=\"{}\"><div class=\"bt_bb_row_inner_holder\"  ><div  class=\"bt_bb_column_inner col-xl-12 bt_bb_align_center bt_bb_vertical_align_top bt_bb_padding_normal\"  data-width=\"12\" data-bt-override-class=\"{}\"><div class=\"bt_bb_column_inner_content\"><div class=\"bt_bb_button bt_bb_color_scheme_11 bt_bb_icon_position_left bt_bb_style_filled bt_bb_size_normal bt_bb_width_inline bt_bb_shape_round-bottom-right bt_bb_target_blank bt_bb_align_inherit\" style=\"; --primary-color:#ffffff; --secondary-color:#210d94;\" data-bt-override-class=\"{}\"><a href=\"https:\/\/www.ilegis.ro\/auth\/auth\/planuriabonament\" target=\"_blank\" class=\"bt_bb_link\" title=\"Afl\u0103 detalii\"><span class=\"bt_bb_button_text\" >Afl\u0103 detalii<\/span><\/a><\/div><\/div><\/div><\/div><\/div><\/div><\/div><\/div><\/div><\/div><\/div><\/div><\/section><section id=\"bt_bb_section69e0fc3ab7ffb\"  class=\"bt_bb_section bt_bb_color_scheme_11 bt_bb_layout_boxed_1200 bt_bb_full_screen bt_bb_vertical_align_top bt_bb_top_spacing_extra_large bt_bb_bottom_spacing_extra_large bt_bb_section_show_left_boxed_content bt_bb_section_allow_content_outside bt_bb_section_with_bottom_coverage_image\"  data-bt-override-class=\"null\"><div class=\"bt_bb_port\"><div class=\"bt_bb_cell\"><div class=\"bt_bb_cell_inner\"><div class=\"bt_bb_row \"  data-bt-override-class=\"{}\"><div class=\"bt_bb_row_holder\" ><div  class=\"bt_bb_column col-xl-12 bt_bb_align_left bt_bb_vertical_align_bottom bt_bb_animation_fade_in animate bt_bb_padding_normal\"  data-width=\"12\" data-bt-override-class=\"{}\"><div class=\"bt_bb_column_content\"><div class=\"bt_bb_video bt_bb_disable_controls_yes\"><div class=\"bt-video-container\"><div style=\"width: 100%;\" class=\"wp-video\"><!--[if lt IE 9]><script>document.createElement('video');<\/script><![endif]-->\n<video class=\"wp-video-shortcode\" id=\"video-3014-1\" width=\"640\" height=\"360\" preload=\"metadata\" controls=\"controls\"><source type=\"video\/youtube\" src=\"https:\/\/www.youtube.com\/watch?v=3AAOGgM4CoM&#038;_=1\" \/><a href=\"https:\/\/www.youtube.com\/watch?v=3AAOGgM4CoM\">https:\/\/www.youtube.com\/watch?v=3AAOGgM4CoM<\/a><\/video><\/div><\/div><\/div><\/div><\/div><\/div><\/div><\/div><\/div><\/div><div class=\"bt_bb_section_bottom_section_coverage_image\"><img decoding=\"async\" src=\"https:\/\/www.ctce.ro\/site\/wp-content\/uploads\/2019\/08\/bgn-white-curve-bottom-right-1.png\" alt=\"bt_bb_section_bottom_section_coverage_image\" \/><\/div><\/section><\/p>\n","protected":false},"excerpt":{"rendered":"<p>Aplicatia legislativa\u00a0a\u00a0<strong>CTCE Piatra-Neamt<\/strong>\u00a0este\u00a0cea mai completa si corecta\u00a0baza de date legislativa\u00a0din Romania, garantie oferita prin castigarea procedurii de achizitie publica pentru Proiectul \u201cImplementarea portalului N-Lex\u201d lansata\u00a0de catre Ministerul Justitiei in numele Guvernului Romaniei in vederea interconectarii legislatiei Romaniei cu portalul legislativ oficial al Uniunii Europene, ca o obligatie care revenea statului roman prin Strategia Lisabona.<\/p>\n","protected":false},"featured_media":3059,"template":"","meta":[],"product_brand":[],"product_cat":[50],"product_tag":[],"class_list":{"0":"post-3014","1":"product","2":"type-product","3":"status-publish","4":"has-post-thumbnail","6":"product_cat-solutii-juridice2","8":"first","9":"instock","10":"virtual","11":"product-type-simple"},"_links":{"self":[{"href":"https:\/\/www.ctce.ro\/site\/wp-json\/wp\/v2\/product\/3014","targetHints":{"allow":["GET"]}}],"collection":[{"href":"https:\/\/www.ctce.ro\/site\/wp-json\/wp\/v2\/product"}],"about":[{"href":"https:\/\/www.ctce.ro\/site\/wp-json\/wp\/v2\/types\/product"}],"wp:featuredmedia":[{"embeddable":true,"href":"https:\/\/www.ctce.ro\/site\/wp-json\/wp\/v2\/media\/3059"}],"wp:attachment":[{"href":"https:\/\/www.ctce.ro\/site\/wp-json\/wp\/v2\/media?parent=3014"}],"wp:term":[{"taxonomy":"product_brand","embeddable":true,"href":"https:\/\/www.ctce.ro\/site\/wp-json\/wp\/v2\/product_brand?post=3014"},{"taxonomy":"product_cat","embeddable":true,"href":"https:\/\/www.ctce.ro\/site\/wp-json\/wp\/v2\/product_cat?post=3014"},{"taxonomy":"product_tag","embeddable":true,"href":"https:\/\/www.ctce.ro\/site\/wp-json\/wp\/v2\/product_tag?post=3014"}],"curies":[{"name":"wp","href":"https:\/\/api.w.org\/{rel}","templated":true}]}}