{"id":3343,"date":"2020-07-15T11:26:03","date_gmt":"2020-07-15T11:26:03","guid":{"rendered":"http:\/\/www.ctce.ro\/site\/?page_id=3343"},"modified":"2020-07-15T13:05:53","modified_gmt":"2020-07-15T13:05:53","slug":"solutii-juridice","status":"publish","type":"page","link":"https:\/\/www.ctce.ro\/site\/solutii-juridice\/","title":{"rendered":"Solu\u021bii juridice"},"content":{"rendered":"<p><section id=\"bt_bb_section69e0e33d57872\" data-parallax=\"0.8\" data-parallax-offset=\"-200\" data-background_image_src=\"'https:\/\/www.ctce.ro\/site\/wp-content\/uploads\/2019\/09\/blog-18-3.jpg'\" class=\"bt_bb_section bt_bb_layout_boxed_1200 bt_bb_vertical_align_top bt_bb_parallax btLazyLoadBackground bt_bb_background_image bt_bb_background_overlay_light_solid bt_bb_top_spacing_large bt_bb_bottom_spacing_large bt_bb_section_with_bottom_coverage_image\" style=\"background-image:url(&#039;https:\/\/www.ctce.ro\/site\/wp-content\/plugins\/bold-page-builder\/img\/blank.gif&#039;);\" data-bt-override-class=\"null\"><div class=\"bt_bb_port\"><div class=\"bt_bb_cell\"><div class=\"bt_bb_cell_inner\"><div class=\"bt_bb_row \"  data-bt-override-class=\"{}\"><div class=\"bt_bb_row_holder\" ><div  class=\"bt_bb_column col-xl-12 bt_bb_align_center bt_bb_vertical_align_top bt_bb_animation_fade_in move_up animate bt_bb_padding_normal\"  data-width=\"12\" data-bt-override-class=\"{}\"><div class=\"bt_bb_column_content\"><div class=\"bt_bb_image bt_bb_shape_square bt_bb_target_self bt_bb_align_inherit bt_bb_hover_style_simple bt_bb_content_display_always bt_bb_content_align_middle\" style=\"max-width: 130px;\" data-bt-override-class=\"{}\"><span><img loading=\"lazy\" decoding=\"async\" width=\"600\" height=\"600\" src=\"https:\/\/www.ctce.ro\/site\/wp-content\/uploads\/2019\/08\/Favicon-3.png\" class=\"attachment-full size-full\" alt=\"https:\/\/www.ctce.ro\/site\/wp-content\/uploads\/2019\/08\/Favicon-3.png\" data-full_image_src=\"https:\/\/www.ctce.ro\/site\/wp-content\/uploads\/2019\/08\/Favicon-3.png\" title=\"Favicon\" srcset=\"https:\/\/www.ctce.ro\/site\/wp-content\/uploads\/2019\/08\/Favicon-3.png 600w, https:\/\/www.ctce.ro\/site\/wp-content\/uploads\/2019\/08\/Favicon-3-300x300.png 300w, https:\/\/www.ctce.ro\/site\/wp-content\/uploads\/2019\/08\/Favicon-3-100x100.png 100w, https:\/\/www.ctce.ro\/site\/wp-content\/uploads\/2019\/08\/Favicon-3-160x160.png 160w, https:\/\/www.ctce.ro\/site\/wp-content\/uploads\/2019\/08\/Favicon-3-320x320.png 320w\" sizes=\"auto, (max-width: 600px) 100vw, 600px\" \/><\/span><\/div><div class=\"bt_bb_separator bt_bb_border_style_none bt_bb_top_spacing_extra_small bt_bb_bottom_spacing_small\" data-bt-override-class=\"null\"><\/div><header class=\"bt_bb_headline bt_bb_dash_none bt_bb_subheadline bt_bb_size_large bt_bb_align_inherit\" data-bt-override-class=\"{}\"><h1 class=\"bt_bb_headline_tag\"><span class=\"bt_bb_headline_content\"><span><b>Solu\u021bii software juridic<\/b> <\/span><\/span><\/h1><div class=\"bt_bb_headline_subheadline\">Nevoia de validare din punct de vedere legislativ a pa\u0219ilor pe care \u00eei urma\u021bi \u00een propria activitate este foarte important\u0103 \u00een orice domeniu. La distan\u021b\u0103 de c\u00e2teva secunde, pute\u021bi consulta o suit\u0103 de module interconectate, esen\u021biale, care v\u0103 vor ajuta s\u0103 v\u0103 eficientiza\u021bi timpul. Consultarea documentelor legislative, permanent actualizate, \u00eentr-o form\u0103 corect\u0103 \u0219i u\u0219or de urm\u0103rit, a jurispruden\u021bei at\u00e2t de utile \u00een studierea solu\u021biilor anterior pronun\u021bate, coresponden\u021ba \u00eentre cele mai importante acte normative, c\u00e2t \u0219i monitorizarea modific\u0103rilor ap\u0103rute asupra actelor, dosarelor din justi\u021bie sau a firmelor pe care le urm\u0103ri\u021bi, garan\u021bia urm\u0103rii unei proceduri de achizi\u021bie f\u0103r\u0103 cusur, op\u021biunile de filtrare avansate, v\u0103 vor men\u021bine informat prin utilizarea unei interfe\u021be intuitive \u0219i u\u0219or de utilizat. V\u0103 putem ajuta s\u0103 evolua\u021bi, iar dinamica realiz\u0103rii atribu\u021biilor zilnice s\u0103 se imbun\u0103t\u0103\u021beasc\u0103 exponen\u021bial!<\/div><\/header><\/div><\/div><\/div><\/div><\/div><\/div><\/div><div class=\"bt_bb_section_bottom_section_coverage_image\"><img decoding=\"async\" src=\"https:\/\/www.ctce.ro\/site\/wp-content\/uploads\/2019\/08\/bgn-gray-curve-bottom-left-1.png\" alt=\"bt_bb_section_bottom_section_coverage_image\" \/><\/div><\/section><section id=\"bt_bb_section69e0e33d58e84\"  class=\"bt_bb_section bt_bb_layout_boxed_1200\"  data-bt-override-class=\"null\"><div class=\"bt_bb_port\"><div class=\"bt_bb_cell\"><div class=\"bt_bb_cell_inner\"><div class=\"bt_bb_row \"  data-bt-override-class=\"{}\"><div class=\"bt_bb_row_holder\" ><div  class=\"bt_bb_column col-xl-12 bt_bb_align_left bt_bb_vertical_align_top bt_bb_padding_normal\"  data-width=\"12\" data-bt-override-class=\"{}\"><div class=\"bt_bb_column_content\"><div class=\" bt_bb_row_inner\"   data-bt-override-class=\"{}\"><div class=\"bt_bb_row_inner_holder\"  ><div  class=\"bt_bb_column_inner col-xl-12 bt_bb_align_left bt_bb_vertical_align_top\"  data-width=\"12\" data-bt-override-class=\"{}\"><div class=\"bt_bb_column_inner_content\"><div  class=\"bt_bb_text\" ><div class=\"woocommerce columns-3 \"><ul class=\"products columns-3\">\n<li class=\"product type-product post-3014 status-publish first instock product_cat-solutii-juridice2 has-post-thumbnail virtual product-type-simple\">\n\t<div class=\"btWooShopLoopItemInner\"><div class=\"bt_bb_image bt_bb_target_self\" data-bt-override-class=\"{}\"><a href=\"https:\/\/www.ctce.ro\/site\/produs\/ilegis\/\"  target=\"_self\" title=\"ilegis\"><img fetchpriority=\"high\" decoding=\"async\" width=\"300\" height=\"300\" src=\"https:\/\/www.ctce.ro\/site\/wp-content\/uploads\/2020\/05\/ilegis-2-300x300.png\" class=\"attachment-woocommerce_thumbnail size-woocommerce_thumbnail\" alt=\"https:\/\/www.ctce.ro\/site\/wp-content\/uploads\/2020\/05\/ilegis-2-300x300.png\" data-full_image_src=\"https:\/\/www.ctce.ro\/site\/wp-content\/uploads\/2020\/05\/ilegis-2.png\" title=\"ilegis\" loading=\"eager\" srcset=\"https:\/\/www.ctce.ro\/site\/wp-content\/uploads\/2020\/05\/ilegis-2-300x300.png 300w, https:\/\/www.ctce.ro\/site\/wp-content\/uploads\/2020\/05\/ilegis-2-640x640.png 640w, https:\/\/www.ctce.ro\/site\/wp-content\/uploads\/2020\/05\/ilegis-2-1280x1280.png 1280w, https:\/\/www.ctce.ro\/site\/wp-content\/uploads\/2020\/05\/ilegis-2-160x160.png 160w, https:\/\/www.ctce.ro\/site\/wp-content\/uploads\/2020\/05\/ilegis-2-768x768.png 768w, https:\/\/www.ctce.ro\/site\/wp-content\/uploads\/2020\/05\/ilegis-2-320x320.png 320w, https:\/\/www.ctce.ro\/site\/wp-content\/uploads\/2020\/05\/ilegis-2-600x600.png 600w, https:\/\/www.ctce.ro\/site\/wp-content\/uploads\/2020\/05\/ilegis-2-100x100.png 100w, https:\/\/www.ctce.ro\/site\/wp-content\/uploads\/2020\/05\/ilegis-2.png 1500w\" sizes=\"(max-width: 300px) 100vw, 300px\" \/><\/a><\/div><header class=\"bt_bb_headline bt_bb_dash_bottom bt_bb_superheadline bt_bb_superheadline_outside bt_bb_subheadline bt_bb_size_small\" data-bt-override-class=\"{}\"><div class=\"bt_bb_headline_superheadline_outside\"><span class=\"bt_bb_headline_superheadline\"><span class=\"btArticleCategories\"><a href=\"https:\/\/www.ctce.ro\/site\/categorie-produs\/solutii-juridice2\/\" class=\"btArticleCategory solutii-juridice2\">Solu\u021bii Juridice<\/a><\/span><\/span><\/div><h2 class=\"bt_bb_headline_tag\"><span class=\"bt_bb_headline_content\"><span><a href=\"https:\/\/www.ctce.ro\/site\/produs\/ilegis\/\" target=\"_self\" title=\"iLegis\">iLegis<\/a><\/span><\/span><\/h2><div class=\"bt_bb_headline_subheadline\"><span class=\"btNoStarRating\"><\/span><\/div><\/header>\n<a href=\"https:\/\/www.ctce.ro\/site\/produs\/ilegis\/\" aria-describedby=\"woocommerce_loop_add_to_cart_link_describedby_3014\" data-quantity=\"1\" class=\"button product_type_simple\" data-product_id=\"3014\" data-product_sku=\"\" aria-label=\"Cite\u0219te mai multe despre &bdquo;iLegis&rdquo;\" rel=\"nofollow\" data-success_message=\"\">Cite\u0219te mai mult<\/a>\t<span id=\"woocommerce_loop_add_to_cart_link_describedby_3014\" class=\"screen-reader-text\">\n\t\t\t<\/span>\n<\/div><\/li>\n<li class=\"product type-product post-3016 status-publish instock product_cat-solutii-juridice2 has-post-thumbnail shipping-taxable product-type-simple\">\n\t<div class=\"btWooShopLoopItemInner\"><div class=\"bt_bb_image bt_bb_target_self\" data-bt-override-class=\"{}\"><a href=\"https:\/\/www.ctce.ro\/site\/produs\/juristpro\/\"  target=\"_self\" title=\"juristpro\"><img decoding=\"async\" width=\"300\" height=\"300\" src=\"https:\/\/www.ctce.ro\/site\/wp-content\/uploads\/2020\/05\/juristpro-300x300.png\" class=\"attachment-woocommerce_thumbnail size-woocommerce_thumbnail\" alt=\"https:\/\/www.ctce.ro\/site\/wp-content\/uploads\/2020\/05\/juristpro-300x300.png\" data-full_image_src=\"https:\/\/www.ctce.ro\/site\/wp-content\/uploads\/2020\/05\/juristpro.png\" title=\"juristpro\" loading=\"eager\" srcset=\"https:\/\/www.ctce.ro\/site\/wp-content\/uploads\/2020\/05\/juristpro-300x300.png 300w, https:\/\/www.ctce.ro\/site\/wp-content\/uploads\/2020\/05\/juristpro-160x160.png 160w, https:\/\/www.ctce.ro\/site\/wp-content\/uploads\/2020\/05\/juristpro-320x320.png 320w, https:\/\/www.ctce.ro\/site\/wp-content\/uploads\/2020\/05\/juristpro-640x640.png 640w, https:\/\/www.ctce.ro\/site\/wp-content\/uploads\/2020\/05\/juristpro-1280x1280.png 1280w, https:\/\/www.ctce.ro\/site\/wp-content\/uploads\/2020\/05\/juristpro-100x100.png 100w\" sizes=\"(max-width: 300px) 100vw, 300px\" \/><\/a><\/div><header class=\"bt_bb_headline bt_bb_dash_bottom bt_bb_superheadline bt_bb_superheadline_outside bt_bb_subheadline bt_bb_size_small\" data-bt-override-class=\"{}\"><div class=\"bt_bb_headline_superheadline_outside\"><span class=\"bt_bb_headline_superheadline\"><span class=\"btArticleCategories\"><a href=\"https:\/\/www.ctce.ro\/site\/categorie-produs\/solutii-juridice2\/\" class=\"btArticleCategory solutii-juridice2\">Solu\u021bii Juridice<\/a><\/span><\/span><\/div><h2 class=\"bt_bb_headline_tag\"><span class=\"bt_bb_headline_content\"><span><a href=\"https:\/\/www.ctce.ro\/site\/produs\/juristpro\/\" target=\"_self\" title=\"JuristPRO\">JuristPRO<\/a><\/span><\/span><\/h2><div class=\"bt_bb_headline_subheadline\"><span class=\"btNoStarRating\"><\/span><\/div><\/header>\n<a href=\"https:\/\/www.ctce.ro\/site\/produs\/juristpro\/\" aria-describedby=\"woocommerce_loop_add_to_cart_link_describedby_3016\" data-quantity=\"1\" class=\"button product_type_simple\" data-product_id=\"3016\" data-product_sku=\"\" aria-label=\"Cite\u0219te mai multe despre &bdquo;JuristPRO&rdquo;\" rel=\"nofollow\" data-success_message=\"\">Cite\u0219te mai mult<\/a>\t<span id=\"woocommerce_loop_add_to_cart_link_describedby_3016\" class=\"screen-reader-text\">\n\t\t\t<\/span>\n<\/div><\/li>\n<\/ul>\n<\/div><\/div><\/div><\/div><\/div><\/div><\/div><\/div><\/div><\/div><\/div><\/div><\/div><\/section><\/p>\n","protected":false},"excerpt":{"rendered":"","protected":false},"author":5,"featured_media":0,"parent":0,"menu_order":0,"comment_status":"closed","ping_status":"closed","template":"","meta":{"footnotes":""},"class_list":["post-3343","page","type-page","status-publish","hentry"],"_links":{"self":[{"href":"https:\/\/www.ctce.ro\/site\/wp-json\/wp\/v2\/pages\/3343","targetHints":{"allow":["GET"]}}],"collection":[{"href":"https:\/\/www.ctce.ro\/site\/wp-json\/wp\/v2\/pages"}],"about":[{"href":"https:\/\/www.ctce.ro\/site\/wp-json\/wp\/v2\/types\/page"}],"author":[{"embeddable":true,"href":"https:\/\/www.ctce.ro\/site\/wp-json\/wp\/v2\/users\/5"}],"replies":[{"embeddable":true,"href":"https:\/\/www.ctce.ro\/site\/wp-json\/wp\/v2\/comments?post=3343"}],"version-history":[{"count":3,"href":"https:\/\/www.ctce.ro\/site\/wp-json\/wp\/v2\/pages\/3343\/revisions"}],"predecessor-version":[{"id":3350,"href":"https:\/\/www.ctce.ro\/site\/wp-json\/wp\/v2\/pages\/3343\/revisions\/3350"}],"wp:attachment":[{"href":"https:\/\/www.ctce.ro\/site\/wp-json\/wp\/v2\/media?parent=3343"}],"curies":[{"name":"wp","href":"https:\/\/api.w.org\/{rel}","templated":true}]}}