{"id":3215,"date":"2020-06-25T12:32:38","date_gmt":"2020-06-25T12:32:38","guid":{"rendered":"http:\/\/www.ctce.ro\/site\/?page_id=3215"},"modified":"2020-06-25T12:33:47","modified_gmt":"2020-06-25T12:33:47","slug":"politica-de-confidentialitate-si-securitate-cu-privire-la-prelucrarea-datelor-cu-caracter-personal","status":"publish","type":"page","link":"https:\/\/www.ctce.ro\/site\/politica-de-confidentialitate-si-securitate-cu-privire-la-prelucrarea-datelor-cu-caracter-personal\/","title":{"rendered":"Politic\u0103 de Confiden\u021bialitate\u00a0\u0219i securitate cu privire la prelucrarea datelor cu caracter personal"},"content":{"rendered":"<section id=\"bt_bb_section69e5c66543caa\"  class=\"bt_bb_section bt_bb_layout_boxed_1200 bt_bb_vertical_align_top bt_bb_top_spacing_extra_large bt_bb_bottom_spacing_extra_large\"  data-bt-override-class=\"null\"><div class=\"bt_bb_port\"><div class=\"bt_bb_cell\"><div class=\"bt_bb_cell_inner\"><div class=\"bt_bb_row \"  data-bt-override-class=\"{}\"><div class=\"bt_bb_row_holder\" ><div  class=\"bt_bb_column col-xl-12 bt_bb_align_left bt_bb_vertical_align_top bt_bb_padding_normal\"  data-width=\"12\" data-bt-override-class=\"{}\"><div class=\"bt_bb_column_content\"><div  class=\"bt_bb_text\" ><\/p>\n<h3 style=\"text-align: center;\">Politic\u0103 de Confiden\u021bialitate\u00a0\u0219i securitate cu privire la prelucrarea datelor cu caracter personal<\/h3>\n<p>Atunci c\u00e2nd folositi serviciile noastre, ne \u00eencredin\u021ba\u021bi date cu caracter personal. \u00cen\u021belegem c\u0103 este o mare responsabilitate \u0219i ne str\u0103duim s\u0103 respect\u0103m drepturile de confiden\u021bialitate ale vizitatorilor on-line. Cunoa\u015ftem importan\u021ba furniz\u0103rii unui mediu sigur pentru informa\u021biile pe care le colect\u0103m \u0219i v\u0103 oferim putere de decizie \u00een privin\u021ba acestora.<\/p>\n<p>Consider\u0103m asigurarea dreptului la protec\u021bia datelor cu caracter personal ca un angajament fundamental pentru SC CTCE SA, prin urmare vom dedica toate resursele \u0219i eforturile necesare pentru a prelucra datele dumneavoastr\u0103 \u00een deplin\u0103 concordan\u021b\u0103 cu Regulamentul (UE) 2016\/679\u00a0<strong>(\u201cRegulamentul general privind protec\u021bia datelor\u201d<\/strong>\u00a0sau\u00a0<strong>\u201cGDPR\u201d)<\/strong>, precum \u0219i cu orice alt\u0103 legisla\u021bie aplicabil\u0103 pe teritoriul Romaniei. \u00centruc\u00e2t unul dintre principiile esen\u021biale ale acestui cadru legal \u00eel reprezint\u0103 transparen\u021ba, am preg\u0103tit acest document prin care dorim s\u0103 v\u0103 inform\u0103m despre modul \u00een care colect\u0103m, utiliz\u0103m, transfer\u0103m \u0219i protej\u0103m datele dvs cu caracter personal atunci c\u00e2nd interac\u021biona\u021bi cu noi \u00een leg\u0103tur\u0103 cu serviciile noastre, pe site-urile noastre web.<\/p>\n<p>Ne rezerv\u0103m dreptul de a actualiza \u0219i modifica periodic aceast\u0103 Politic\u0103 de Confiden\u021bialitate, pentru a reflecta orice modific\u0103ri ale modului \u00een care prelucr\u0103m datele dumneavoastr\u0103 cu caracter personal sau orice modific\u0103ri ale cerin\u021belor legale. \u00cen cazul oric\u0103rei astfel de modific\u0103ri, vom afi\u0219a pe website-ul nostru versiunea modificat\u0103 a Politicii de Confiden\u021bialitate, motiv pentru care v\u0103 rug\u0103m s\u0103 verifica\u021bi periodic con\u021binutul acestei Politici de Confiden\u021bialitate.<\/p>\n<p>Scopul acestei Politici de Confiden\u021bialitate este s\u0103 v\u0103 explice ce informa\u021bii colect\u0103m, de ce le colect\u0103m \u0219i cum pute\u021bi s\u0103 le actualiza\u021bi, gestiona\u021bi, exporta\u021bi \u0219i sterge\u021bi.<\/p>\n<p><strong>Cine suntem \u0219i cum ne pute\u021bi contacta<\/strong><\/p>\n<p>Suntem o societate comercial\u0103 cu denumirea: SC\u00a0Centrul Teritorial de Calcul Electronic S.A., persoan\u0103 juridic\u0103 de na\u021bionalitate rom\u00e2n\u0103, cu sediul social \u00een Piatra-Neam\u021b, B-ul Decebal nr. 32, 610076<strong>,\u00a0<\/strong>cu num\u0103r de ordine \u00een Registrul Comer\u021bului\u00a0J27\/77\/1991,\u00a0cod unic de \u00eenregistrare fiscal\u0103\u00a0RO2040729.\u00a0\u00cen sensul legisla\u021biei cu privire la protec\u021bia datelor, suntem\u00a0<em>operator<\/em>\u00a0atunci c\u00e2nd prelucr\u0103m datele dvs cu caracter personal.<\/p>\n<p>\u00centruc\u00e2t suntem \u00eentotdeauna deschi\u0219i s\u0103 afl\u0103m opiniile dumneavoastr\u0103, precum \u0219i s\u0103 v\u0103 furniz\u0103m orice informa\u021bii suplimentare de care a\u021bi putea avea nevoie cu privire la prelucrarea datelor dvs, v\u0103 \u00eencuraj\u0103m s\u0103 contacta\u021bi Responsabilul SC CTCE SA cu protec\u021bia datelor\u00a0la adresa de e-mail\u00a0<a href=\"mailto:office@ctce.ro\">office@ctce.ro<\/a>\u00a0sau\u00a0prin po\u0219t\u0103 sau curier la adresa\u00a0B-ul Decebal nr. 32\u00a0\u2013\u00a0cu mentiunea:\u00a0<em>\u00een aten\u021bia Responsabilului SC CTCE SA cu protec\u021bia datelor<\/em>.<\/p>\n<p><strong>Ce categorii de date cu caracter personal prelucr\u0103m<\/strong><\/p>\n<p>\u00cen general, colect\u0103m datele dvs. cu caracter personal direct de la dumneavoastr\u0103, astfel \u00eenc\u00e2t ave\u021bi controlul asupra tipului de informa\u021bie pe care ne-o oferi\u021bi. Cu titlul de exemplu, primim informa\u021bii de la dvs. astfel:<\/p>\n<p>C\u00e2nd v\u0103 crea\u021bi un cont, ne transmite\u021bi: adresa de e-mail, numele \u0219i prenumele;<\/p>\n<p>C\u00e2nd plasa\u021bi o comand\u0103, ne furniza\u021bi informa\u021bii precum: serviciul dorit, numele si prenumele, adresa de livrare, detalii de facturare, metoda de plat\u0103, num\u0103r de telefon, datele cardului bancar etc.<\/p>\n<p>Cand aplica\u021bi pentru un job sunt \u00een formular date de genul: nume, prenume, email, sex, data na\u0219terii, telefon, permis de conducere, data ob\u021binerii lui, stare civil\u0103, informa\u021bii despre studii.<\/p>\n<p>Nu colect\u0103m \u0219i nu prelucr\u0103m \u00een alt mod date sensibile, incluse de Regulamentul general privind protec\u021bia datelor \u00een categorii speciale de date cu caracter personal. De asemenea, nu dorim s\u0103 colect\u0103m sau s\u0103 prelucr\u0103m date ale minorilor care nu au \u00eemplinit v\u00e2rsta de 16 ani.<\/p>\n<p>Care sunt scopurile \u0219i temeiurile prelucr\u0103rii<\/p>\n<p>SC CTCE SA colecteaz\u0103 numai informa\u021bii personale \u00een conformitate cu legile aplicabile. Un vizitator on-line transmite \u00een general date c\u0103tre SC CTCE SA \u00een urm\u0103toarele scopuri:<\/p>\n<p>(1) s\u0103 acceseze contul lui de utilizator al produselor noastre;<\/p>\n<p>(2) s\u0103 acceseze contul lui de client al SC CTCE SA<\/p>\n<p>(3) s\u0103 cear\u0103 o ofert\u0103 pentru produsele noastre;<\/p>\n<p>(4) s\u0103 \u00eenregistreze un contract de v\u00e2nzare pentru produsele noastre software;<\/p>\n<p>(5) s\u0103 cumpere servicii de la magazinul nostru on-line ceea ce implic\u0103 prelucrarea comenzilor, inclusiv preluarea, validarea, expedierea \u0219i facturarea acestora; Solu\u0163ionarea anul\u0103rilor sau a problemelor de orice natur\u0103 referitoare la o comand\u0103, la serviciile achizi\u021bionate;<\/p>\n<p>(6) s\u0103 acceseze site-ul nostru pentru desc\u0103rc\u0103ri ale aplica\u0163iilor demo, actualiz\u0103ri ;<\/p>\n<p>(7) s\u0103 \u00eenregistreze o cerere pentru a fi contactat;<\/p>\n<p>(8) s\u0103 aplice pentru un post vacant;<\/p>\n<p>(9) s\u0103 se \u00eenscrie la un concurs;<\/p>\n<p>Prelucrarea datelor dvs. pentru aceste scopuri este \u00een cele mai multe cazuri necesar\u0103 pentru \u00eencheierea \u0219i executarea unui contract \u00eentre SC CTCE SA \u0219i dvs. De asemenea, anumite prelucr\u0103ri subsumate acestor scopuri sunt impuse de legisla\u021bia aplicabil\u0103, inclusiv legisla\u021bia fiscal\u0103 \u0219i contabil\u0103.\u00a0Nu solicit\u0103m aceste informa\u021bii doar dac\u0103 vizita\u021bi site-urile noastre, dar este posibil s\u0103 nu pute\u021bi accesa anumite zone ale site-urilor sau s\u0103 utiliza\u021bi anumite func\u021bii, cum ar fi aplica\u0163iile web, f\u0103r\u0103 a v\u0103 \u00eenregistra cu utilizator (email) \u015fi parol\u0103.<\/p>\n<p>Vrem s\u0103 v\u0103 \u021binem la curent cu privire la cele mai bune oferte pentru serviciile care v\u0103 intereseaz\u0103. \u00cen acest sens, v\u0103 putem trimite orice tip de mesaj (cum ar fi: e-mail\/SMS\/telefonic) continand informatii generale si tematice, informatii cu privire la oferte sau promotii, informatii referitoare la servicii.<\/p>\n<p>\u00cen unele cazuri, vom prelucra datele dumneavoastr\u0103 cu caracter personal doar cu consim\u021b\u0103m\u00e2ntul dumneavoastr\u0103. \u00cen aceste cazuri, v\u0103 vom solicita separat consim\u021b\u0103m\u00e2ntul, \u00een mod transparent, atunci c\u00e2nd furniza\u021bi datele dumneavoastr\u0103 cu caracter personal. Ulterior, ve\u021bi putea s\u0103 v\u0103 retrage\u021bi consim\u021b\u0103m\u00e2ntul \u00een orice moment prin intermediul adresei de e-mail:<a href=\"mailto:office@ctce.ro\">office@ctce.ro<\/a>sau a nr. de fax:0233\/206575. Cu toate acestea, retragerea consim\u0163\u0103m\u00e2ntului nu va afecta legalitatea niciunei prelucr\u0103ri care a avut loc \u00eenainte de retragerea acestuia.<\/p>\n<p>\u00cen cazul \u00een care solicit\u0103m date cu caracter personal pentru a respecta obliga\u021bii legale sau contractuale, furnizarea acestor date cu caracter personal de c\u0103tre dumneavoastr\u0103 este obligatorie. Acest lucru \u00eenseamn\u0103 c\u0103, dac\u0103 astfel de date cu caracter personal nu sunt furnizate, nu vom putea s\u0103 gestion\u0103m rela\u021biile contractuale sau s\u0103 respect\u0103m obliga\u021biile care ne sunt impuse. \u00cen toate celelalte cazuri, furnizarea de date cu caracter personal este op\u021bional\u0103 \u0219i nu ave\u021bi obliga\u021bia de a le furniza.<\/p>\n<p>De asemenea, putem prelucra datele dumneavoastr\u0103 cu caracter personal, precum datele de identificare, datele de contact \u0219i adresa de re\u0219edin\u021b\u0103, \u00een scopul posibilei exercit\u0103ri a drepturilor sau a reclama\u021biilor noastre \u00eempotriva dumneavoastr\u0103 \u00een viitor. Aceast\u0103 prelucrare se bazeaz\u0103 pe interesul nostru legitim, fiind necesar s\u0103 ne exercit\u0103m drepturile \u00een cazul unor eventuale litigii.<\/p>\n<h3 lang=\"en-US\">Cine colecteaz\u0103 \u0219i proceseaz\u0103 informa\u021biile dvs.?<\/h3>\n<p>Atunci c\u00e2nd vizita\u021bi un site CTCE \u0219i vi se cere s\u0103 furniza\u021bi informa\u021bii, ve\u021bi \u00eemp\u0103rt\u0103\u0219i aceste informa\u021bii doar cu SC CTCE SA \u015fi cu distribuitorul nostru a c\u0103rui client poate sunte\u0163i, cu excep\u021bia cazului \u00een care este indicat \u00een mod clar contrariul &#8211; cum ar fi plata on-line cu cardul a facturilor.<\/p>\n<p>Informa\u021biile pe care le introduce\u021bi pe formularele de pe site-urile web ale SC CTCE SA vor fi trimise spre noi\u00a0<strong>numai<\/strong>\u00a0dup\u0103 ce a\u021bi bifat c\u0103 sunte\u0163i de acord cu prezenta politic\u0103 de confiden\u021bialitate \u00een care vi se explic\u0103 tipurile de date colectate, scopurile colect\u0103rii, durata stoc\u0103rii datelor colectate \u015fi a\u0163i f\u0103cut clic pe butonul &#8222;Trimitere&#8221; .<\/p>\n<p>Datele personale pe care le trimite\u021bi la SC CTCE SA ne permit s\u0103 proces\u0103m comenzile dvs. \u0219i, dac\u0103 dori\u021bi, s\u0103 v\u0103 inform\u0103m despre noile noastre produse software, actualiz\u0103ri, oferte promo\u021bionale \u0219i evenimente speciale.<\/p>\n<p>C\u00e2t timp p\u0103str\u0103m datele dvs. cu caracter personal<\/p>\n<p>Prelucrarea datelor cu caracter personal va fi stocat\u0103 pe \u00eentreaga perioad\u0103 de timp c\u00e2t contractul \u00eencheiat \u00eentre p\u0103r\u021bi va fi \u00een vigoare. Acestea pot fi stocate pe o perioad\u0103 mai lung\u0103, \u00een m\u0103sura \u00een care vor fi prelucrate exclusiv \u00een scopuri de arhivare conform legisla\u021biei \u00een vigoare cu modific\u0103rile ulterioare.<\/p>\n<h3 lang=\"en-US\">Cu cine putem s\u0103 v\u0103 \u00eemp\u0103rt\u0103\u0219im informa\u021biile?<\/h3>\n<p>Ca regul\u0103 general\u0103, SC CTCE SA nu v\u0103 va transmite informa\u021biile dvs. personale unei ter\u021be p\u0103r\u021bi f\u0103r\u0103 permisiunea dvs.<\/p>\n<p>Cu toate acestea, vom furniza aceste date f\u0103r\u0103 s\u0103 v\u0103 cerem acordul, institu\u0163iilor de stat (cum ar fi ANAF) \u00een raport\u0103rile \u015fi declara\u0163iile cerute de legisla\u0163ia economic\u0103 \u00een vigoare. De asemenea, putem divulga aceste date distribuitorilor no\u015ftri cu care ave\u0163i contracte de v\u00e2nzare \u015fi\/sau suport \u00een derulare.<\/p>\n<p>Cum protej\u0103m securitatea datelor dvs. cu caracter personal<\/p>\n<p>Ne angaj\u0103m s\u0103 asigur\u0103m securitatea datelor cu caracter personal prin implementarea unor m\u0103suri tehnice \u0219i organizatorice adecvate.<\/p>\n<p>Transmisia datelor dvs. cu caracter personal se face folosind algoritmi de criptare de ultim\u0103 genera\u021bie si le stocam pe servere securizate, asigur\u00e2nd in acelasi timp redundan\u021ba datelor.<\/p>\n<p>Pentru efectuarea pl\u0103\u0163ilor folosim serviciile procesatorului de pl\u0103\u0163i PayU. Orice informa\u0163ii privitoare la pl\u0103\u0163i sunt criptate, folosind tehnologia HTTPS cu criptare TSL 1.2.<\/p>\n<p>\u00cen ciuda m\u0103surilor luate pentru a proteja datele dvs. cu caracter personal, v\u0103 atragem aten\u0163ia c\u0103 transmiterea informa\u0163iilor prin Internet, \u00een general, sau prin intermediul altor re\u0163ele publice, nu este complet sigur\u0103, exist\u00e2nd riscul ca datele s\u0103 fie v\u0103zute \u015fi utilizate de c\u0103tre ter\u0163e p\u0103r\u0163i neautorizate. Nu putem fi responsabili pentru astfel de vulnerabilit\u0103\u021bi ale unor sisteme care nu sunt sub controlul nostru.<\/p>\n<p>SC CTCE SA a adoptat m\u0103suri tehnice \u015fi organizatorice adecvate pentru protejarea datelor cu caracter personal \u00eempotriva distrugerilor accidentale sau ilegale, pierderii, modific\u0103rii, dezv\u0103luirii, accesului neautorizat sau oric\u0103rei alte forme de prelucrare ilegal\u0103..<\/p>\n<p>Pentru \u00eendeplinirea prevederilor legale aferente \u015fi \u00een vederea satisfacerii cerin\u0163elor p\u0103str\u0103rii \u00een siguran\u0163\u0103 a datelor \u015fi informa\u0163iilor, SC CTCE SA a elaborat \u015fi implementat m\u0103suri organizatorice \u015fi tehnice orientate pe anumite direc\u0163ii de ac\u0163iune:<\/p>\n<ul>\n<li>Identificarea \u015fi autentificarea utilizatorului;<\/li>\n<\/ul>\n<p>Utilizator este orice persoan\u0103 care ac\u021bioneaz\u0103 sub autoritatea SC CTCE SA sau a persoanei \u00eemputernicite de SC CTCE SA, cu drept recunoscut de acces la serviciul achizitionat. Pentru a dob\u00e2ndi acces la informatii, utilizatorii trebuie s\u0103 se identifice prin introducerea datelor de autentificare, const\u00e2nd \u00een cont de utilizator (username) \u0219i parol\u0103 unice.<\/p>\n<ul>\n<li>Computerele;<\/li>\n<\/ul>\n<p>Pentru men\u0163inerea securit\u0103\u0163ii prelucr\u0103rii datelor cu caracter personal (\u00een special \u00eempotriva viru\u015filor informatici) SC CTCE SA a luat urm\u0103toarele m\u0103suri:<\/p>\n<ul>\n<li>s-a interzis folosirea de c\u0103tre utilizatori a programelor software care provin din surse nesigure;<\/li>\n<li>utilizatorii nu au drepturi de administrator pe computere, prin urmare nu pot instala programe software f\u0103r\u0103 a anun\u021ba compartimentul care asigur\u0103 suportul tehnic;<\/li>\n<li>se utilizeaz\u0103 software cu licen\u021b\u0103<\/li>\n<li>computerele sunt protejate cu programe antivirus.<\/li>\n<\/ul>\n<p><strong>De ce drepturi beneficia\u021bi<\/strong><\/p>\n<p>\u00cen conformitate cu prevederile Regulamentului \u015fi ale legisla\u021biei aplicabile, men\u021bion\u0103m c\u0103 pute\u021bi beneficia de urm\u0103toarele drepturi:<\/p>\n<ul>\n<li>Dreptul de a fi informat<\/li>\n<li>Dreptul de acces la date<\/li>\n<li>Dreptul de a se opune, pentru motive legitime, la prelucrarea datelor. Acest drept de opozi\u0163ie poate fi exclus pentru anumite prelucr\u0103ri prev\u0103zute de lege (de ex.: prelucr\u0103ri efectuate de serviciile financiare \u015fi fiscale, de poli\u0163ie, justi\u0163ie, securitate social\u0103). Prin urmare, aceast\u0103 men\u0163iune nu poate figura dac\u0103 prelucrarea are un caracter obligatoriu;<\/li>\n<li>Dreptul la rectificare<\/li>\n<li>Dreptul la \u015ftergerea datelor (de a fi uitat)<\/li>\n<li>Dreptul la restric\u0163ionarea drepturilor<\/li>\n<li>Dreptul la portabilitatea datelor<\/li>\n<li>Dreptul de a depune o pl\u00e2ngere \u00een fa\u0163a unei autorit\u00ee\u0163i de supraveghere<\/li>\n<li>Dreptul de a nu fi supus unei decizii individuale<\/li>\n<li>Dretul de a se adresa justi\u0163iei<\/li>\n<li>Dreptul de a se opune, \u00een mod gratuit \u015fi f\u0103r\u0103 nici o justificare, la prelucrarea datelor personale \u00een scopuri de marketing direct.<\/li>\n<\/ul>\n<p>Pentru exercitarea acestor drepturi, v\u0103 pute\u0163i adresa cu o cerere scris\u0103, datat\u0103 \u015fi semnat\u0103 la secretariatul societ\u0103\u0163ii. Dac\u0103 unele din datele despre dumneavoastr\u0103 sunt incorecte, v\u0103 rug\u0103m s\u0103 ne informa\u0163i c\u00e2t mai cur\u00e2nd posibil. Cererea dumneavoastr\u0103 poate fi transmis\u0103 \u015fi sub forma unui fax la nr. 0233\/206575 sau a unui e-mail:\u00a0<a href=\"mailto:office@ctce.ro\">office@ctce.ro<\/a>.<\/p>\n<p>De asemenea dac\u0103 ave\u021bi orice \u00eentreb\u0103ri, reclama\u0163ii cu privire la modul nostru de a colecta informa\u021bii sau cu privire la politica de confiden\u021bialitate, v\u0103 rug\u0103m s\u0103 ne contacta\u021bi la adresa de e-mail:\u00a0<a href=\"mailto:office@ctce.ro\">office@ctce.ro<\/a>, sau la sediul societ\u0103\u021bii, din Bulevardul Decebal nr. 32, Piatra Neam\u021b, jude\u021bul Neam\u021b.<\/p>\n<p>\n<\/div><\/div><\/div><\/div><\/div><\/div><\/div><\/div><\/section>\n","protected":false},"excerpt":{"rendered":"","protected":false},"author":1,"featured_media":0,"parent":0,"menu_order":0,"comment_status":"closed","ping_status":"closed","template":"","meta":{"footnotes":""},"class_list":["post-3215","page","type-page","status-publish","hentry"],"_links":{"self":[{"href":"https:\/\/www.ctce.ro\/site\/wp-json\/wp\/v2\/pages\/3215","targetHints":{"allow":["GET"]}}],"collection":[{"href":"https:\/\/www.ctce.ro\/site\/wp-json\/wp\/v2\/pages"}],"about":[{"href":"https:\/\/www.ctce.ro\/site\/wp-json\/wp\/v2\/types\/page"}],"author":[{"embeddable":true,"href":"https:\/\/www.ctce.ro\/site\/wp-json\/wp\/v2\/users\/1"}],"replies":[{"embeddable":true,"href":"https:\/\/www.ctce.ro\/site\/wp-json\/wp\/v2\/comments?post=3215"}],"version-history":[{"count":4,"href":"https:\/\/www.ctce.ro\/site\/wp-json\/wp\/v2\/pages\/3215\/revisions"}],"predecessor-version":[{"id":3219,"href":"https:\/\/www.ctce.ro\/site\/wp-json\/wp\/v2\/pages\/3215\/revisions\/3219"}],"wp:attachment":[{"href":"https:\/\/www.ctce.ro\/site\/wp-json\/wp\/v2\/media?parent=3215"}],"curies":[{"name":"wp","href":"https:\/\/api.w.org\/{rel}","templated":true}]}}