{"id":3,"date":"2020-05-11T11:29:05","date_gmt":"2020-05-11T11:29:05","guid":{"rendered":"http:\/\/www.ctce.ro\/site\/?page_id=3"},"modified":"2020-06-25T12:35:16","modified_gmt":"2020-06-25T12:35:16","slug":"termeni-si-conditii","status":"publish","type":"page","link":"https:\/\/www.ctce.ro\/site\/termeni-si-conditii\/","title":{"rendered":"Termeni \u0219i condi\u021bii"},"content":{"rendered":"<section id=\"bt_bb_section69e5c5fd6ee00\"  class=\"bt_bb_section bt_bb_layout_boxed_1200 bt_bb_vertical_align_top bt_bb_top_spacing_extra_large bt_bb_bottom_spacing_extra_large\"  data-bt-override-class=\"null\"><div class=\"bt_bb_port\"><div class=\"bt_bb_cell\"><div class=\"bt_bb_cell_inner\"><div class=\"bt_bb_row \"  data-bt-override-class=\"{}\"><div class=\"bt_bb_row_holder\" ><div  class=\"bt_bb_column col-xl-12 bt_bb_align_left bt_bb_vertical_align_top bt_bb_padding_normal\"  data-width=\"12\" data-bt-override-class=\"{}\"><div class=\"bt_bb_column_content\"><div  class=\"bt_bb_text\" ><\/p>\n<h3 class=\"wp-block-heading\" style=\"text-align: center;\">Termeni \u0219i condi\u021bii<\/h3>\n<p><strong>Bine a\u0163i venit pe site-ul\u00a0<a href=\"http:\/\/www.ctce.ro\/site\/\">www.ctce.ro<\/a><\/strong><br \/>\u00cen continuare v\u0103 sunt prezentate condi\u0163iile de utilizare a serviciilor puse la dispozi\u0163ia dumneavoastr\u0103 de c\u0103tre\u00a0<strong><a href=\"http:\/\/www.ctce.ro\/site\/\">www.ctce.ro<\/a><\/strong><br \/>Aceste condi\u0163ii se pot modifica oric\u00e2nd, f\u0103r\u0103 o notificare prealabil\u0103.<br \/>Se recomand\u0103 citirea acestor condi\u0163ii de fiecare dat\u0103 c\u00e2nd accesa\u0163i acest site.<br \/>Website-ul apar\u0163ine \u015fi este proprietatea\u00a0<strong>CTCE Piatra Neamt<\/strong>, accesul pe acest website fiind gratuit. Utilizarea acestui website reprezint\u0103 acordul dumneavoastr\u0103 de a respecta \u201eTERMENII \u015eI CONDI\u0162IILE DE UTILIZARE\u201d prezentate mai jos.<br \/><strong>CTCE Piatra Neamt\u00a0<\/strong>\u00ee\u015fi rezerv\u0103 dreptul de a schimba con\u0163inutul \u015fi condi\u0163iile de folosire a site-ului. Noile condi\u0163ii devin aplicabile din momentul \u00een care au fost f\u0103cute publice prin \u00eenscrierea lor pe acest site \u015fi nu au caracter retroactiv.<br \/><strong><br \/><\/strong><strong>1. Descrierea serviciilor<\/strong><br \/><strong><a href=\"http:\/\/www.ctce.ro\/site\/\">www.ctce.ro<\/a><\/strong>\u00a0este un portal juridic specializat, fiind conceput s\u0103 ofere publicului informa\u0163ii utile cu privire la legislatia in vigoare.<br \/>Con\u0163inutul site-ului are caracter pur informativ f\u0103r\u0103 a se substitui publica\u0163iilor oficiale, neput\u00e2nd fi folosit ca baza legal\u0103 pentru nicio ac\u0163iune\/demers \u00een fa\u0163a ter\u0163ilor.<\/p>\n<p><strong>2. Obligatiile utilizatorilor<\/strong><\/p>\n<p>a) Acest site este proprietatea CTCE Piatra-Neamt. Nici un material de pe acest site nu poate fi reprodus partial, integral sau modificat fara permisiunea\u00a0<strong>CTCE Piatra Neamt.<\/strong>\u00a0Utilizatorii se obliga sa nu copieze texte sau portiuni de texte sau grafica pentru folosirea \u00een\u00a0<strong>scopuri comerciale<\/strong>.<\/p>\n<p>b) Este strict interzis sa folositi sau sa contactati acest site \u00een scopul distrugerii sau alterarii lui, a continutului sau securitatii acestuia sau pentru a discredita sau hartui proprietarul site-ului si\/sau clientii sai, produsele si serviciile oferite pe acest site.<br \/>Nerespectarea termenilor \u015fi condi\u0163iilor de utilizare atrage r\u0103spunderea \u00een conformitate cu prevederile Legii nr. 8\/1996 privind dreptul de autor \u015fi drepturile conexe, cu modificarile si completarile ulterioare.<br \/><strong><br \/><\/strong><strong>3.Accesul minorilor<\/strong><br \/>Continutul\u00a0<strong><a href=\"http:\/\/www.ctce.ro\/site\/\">www.ctce.ro<\/a><\/strong>\u00a0nu este destinat minorilor, dar continutul sau nu este vatamator pentru acestia. Totusi, unele linkuri catre alte site-uri ar putea conduce utilizatorul in pagini care sunt nerecomandate minorilor.<br \/><strong><br \/><\/strong><strong>4. Absolvirea de r\u00e3spundere<\/strong><br \/>Continutul, serviciile si materialele din acest site sunt furnizate pe principiul &#8222;asa cum sunt&#8221; sau &#8222;asa cum sunt disponibile&#8221;.<br \/><strong>CTCE Piatra Neamt<\/strong>\u00a0nu \u00ee\u015fi asum\u0103 r\u0103spunderea pentru eventualele neconcordan\u0163e sau erori care pot ap\u0103rea la un moment dat, \u00eentre con\u0163inutul site-ului \u015fi informa\u0163iile reale.<br \/>\u00cen luarea unei decizii, care s-ar baza pe informa\u0163iile cuprinse \u00een acest site, recomand\u0103m consultarea \u015fi a altor surse de informare, r\u0103spunderea lu\u0103rii deciziei apar\u0163in\u00e2ndu-v\u0103 \u00een totalitate.\u00a0<strong>CTCE Piatra Neamt\u00a0<\/strong>nu \u00ee\u015fi asum\u0103 responsabilitatea pentru pagube ap\u0103rute ca urmare a utiliz\u0103rii serviciilor site-ului, indiferent de natura acestora.<br \/><strong><br \/><\/strong><strong>5. Dispozitii finale<\/strong><br \/>Prin simplul fapt al accesarii acestui site sunteti de acord cu aceste conditii de utilizare. Daca nu sunteti de acord cu aceste conditii, va rugam sa \u00eentrerupeti utilizarea acestui site.<\/p>\n<hr \/>\n<h3>INFORMATII DESPRE COOKIE-URI<\/h3>\n<p>Acest website foloseste cookie-uri pentru a furniza vizitatorilor o experienta mult mai buna de navigare si servicii adaptate nevoilor si interesului fiecaruia.<\/p>\n<p>\u201cCookie\u201d-urile au rolul de a facilita accesul si livrarea serviciilor folosite de utilizator de internet, precum personalizarea anumitor setari (limba, tara, preturi afisate in moneda nationala).<\/p>\n<p>\u201cCookie\u201d-urile, pe baza informatiilor pe care le aduna despre utilizatori, ii ajuta pe detinatorii de site-uri sa isi eficientizeze produsul astfel incat acesta sa fie cat mai usor accesat de catre utilizatori, de asemenea cresc gradul de eficienta a publicitatii online si nu in ultimul rand pot permite aplicatiilor multimedia sau de alt tip de pe alte site-uri sa fie incluse intr-un anumit sote pentru a face navigarea mai utila.<\/p>\n<h3>CE ESTE UN \u201cCOOKIE\u201d?<\/h3>\n<p>Cookie (\u201cbrowser cookie\u201d sau \u201cHTTP cookie\u201d) este un fisier de mici dimensiuni, format din litere si numere, care este stocat pe orice terminal cu acces la internet (computer, telefon mobil, tableta etc.) si este instalat prin solicitarea emisa de catre un web-server unui browser (ex: Internet Explorer, Chrome).<\/p>\n<p>De retinut: \u201cCookie\u201d-urile nu contin programe software, virusi sau spyware si nu pot accesa informatiile de pe hard drive-ul utilizatorului. Cookie-urile nu solicita informatii cu caracter personal si nu identifica personal utilizatorii de internet.<\/p>\n<p>Un cookie este format din nume si continut, durata de existenta a acestuia fiind determinata, putand fi\u00a0accesat din nou de webserver in momentul in care un utilizator se intoarce pe website-ul asociat webserverului respectiv.<\/p>\n<h3>CARE SUNT AVANTAJELE COOKIE-URILOR?<\/h3>\n<p>Un cookie contine informatii care fac legatura intre utilizatori si un anume website. Daca un browser acceseaza acel web-server din nou, acesta poate citi informatia deja stocata si reactiona in consecinta. Cookie-urile asigura userilor o experienta placuta de navigare si sustin eforturile multor websituri pentru a oferi servicii confortabile utilizatorillor: ex\u00a0\u2013\u00a0preferintele in materie de confidentialitate online, optiunile privind limba site-ului, cosuri de cumparaturi sau publicitate relevanta.<\/p>\n<h3>CARE ESTE DURATA DE VIATA A UNUI COOKIE?<\/h3>\n<p>Durata se viata a unui cookie poate fi diferita, in functie de scopul pentru care este plasat. Exista cookie-uri folosite exclusiv pentru o singura sesiune\u00a0\u2013\u00a0acestea nu mai sunt retinute dupa ce utilizatorul iese de pe website. Cookie-uri permanente\u00a0\u2013\u00a0sunt retinute si refolosite de fiecare data cand utilizatorul revine pe acel website, insa pot fi sterse oricand de utilizator.<\/p>\n<h3>CE SUNT COOKIE-URILE PLASATE DE TERTI?<\/h3>\n<p>Anumite parti de continut de pe anumite site-uri pot fi plasate pe website-ul accesat, de catre terte parti prin intermediul bannerelor, boxurilor sau linkurilor\u00a0\u2013\u00a0iar toate aceste instrumente pot contine cookie-uri. Ele se numesc \u201cthird party cookies\u201d pentru ca nu sunt plasate de proprietarul website-ului respectiv, iar furnizorii terti se supun legilor in vigoare si politicilor de confidentialitate ale detinatorului site-ului.<\/p>\n<h3>CE COOKIE-URI FOLOSIM?<\/h3>\n<p>Folosim dou\u00e3 tipuri de cookie-uri: per sesiune\u00a0\u0219i fixe. Cookie-urile per sesiune sunt fi\u0219iere temporare ce r\u00e3m\u00e2n \u00een terminalul utilizatorului p\u00e2n\u00e3 la terminarea sesiunii sau \u00eenchiderea aplica\u021biei. Cookie-urile fixe r\u00e3m\u00e2n pe terminalul utilizatorului pe o perioad\u00e3 determinat\u00e3 de parametrii cookie-ului sau p\u00e2n\u00e3 sunt\u00a0\u0219terse manual de utilizator.<\/p>\n<h3>CUM SUNT FOLOSITE COOKIE-URILE DE C\u00c3TRE ACEST SITE?<\/h3>\n<p>O vizit\u00e3 pe acest site poate plasa urm\u00e3toarele tipuri de cookie-uri:<\/p>\n<p>\u2022\u00a0cookie-uri strict necesare pentru func\u021bionarea site-ului<\/p>\n<p>\u2022\u00a0cookie-uri pentru publicitate<\/p>\n<p>Cookie-urile\u00a0\u0219i\/sau tehnologiile similare strict necesare sunt esen\u021biale pentru buna func\u021bionare a site-ului, fiind setate pe dispozitivul dumneavoastr\u00e3 la accesarea site-ului sau \u00een urma ac\u021biunilor efectuate \u00een site, dup\u00e3 caz. Pute\u021bi seta browser-ul dumneavoastr\u00e3 pentru a bloca cookie-urile, \u00eens\u00e3 \u00een acest caz anumite sec\u021biuni<\/p>\n<p>Securitate si probleme legate de confidentialitate<\/p>\n<p>Cookieurile NU sunt virusi! Ele folosesc formate tip plain text. Nu sunt alcatuite din bucati de cod asa ca nu pot fi executate nici nu pot auto-rula. In consecinta, nu se pot duplica sau replica pe alte retele pentru a se rula sau replica din nou. Deoarece nu pot indeplini aceste functii, nu pot fi considerate virusi.<\/p>\n<p>Deoarece protectia identitatii este foarte valoroasa si reprezinta dreptul fiecarui utilizator de internet, este indicat sa se stie ce eventuale probleme pot crea cookieurile. Pentru ca prin intermediul lor se transmit in mod constant in ambele sensuri informatii intre browser si website, daca un atacator sau persoana neautorizata intervine in parcursul de transmitere a datelor, informatiile continute de cookie pot fi interceptate. Desi foarte rar, acest lucru se poate intampla daca browserul se conecteaza la server folosind o retea necriptata (ex: o retea WiFi nesecurizata).<\/p>\n<p>Particularizati-va setarile browserului in ceea ce priveste cookie-urile pentru a reflecta un nivel confortabil pentru voi al securitatii utilizarii cookie-urilor Daca nu va deranjeaza cookie-urile si sunteti singura persoana care utilizaeaza computerul, puteti seta termene lunigi de expirare pentru stocarea istoricului de navigare si al datelor personale de acces. Daca impartiti accesul la calculator, puteti lua in considerare setarea browserului pentru a sterge datele individuale de navigare de fiecare data cand inchideti browserul. Aceasta este o varianta de a accesa site-urile care plaseaza cookieuri si de a sterge orice informatie de vizitare la inchiderea sesiunii navigare. Instalati-va si updatati-va constant aplicatii antispyware.<\/p>\n<p>Cererea dumneavoastr\u0103 poate fi transmis\u0103 \u015fi sub forma unui fax la nr. 0233\/211.020 sau a unui e-mail:\u00a0<a href=\"mailto:office@ctce.ro\">office@ctce.ro<\/a>. De asemenea, v\u0103 este recunoscut dreptul de a v\u0103 adresa justi\u0163iei. Dac\u0103 unele din datele despre dumneavoastr\u0103 sunt incorecte, v\u0103 rug\u0103m s\u0103 ne informa\u0163i c\u00e2t mai cur\u00e2nd posibil.<\/p>\n<\/p>\n<p>\n<\/div><\/div><\/div><\/div><\/div><\/div><\/div><\/div><\/section>","protected":false},"excerpt":{"rendered":"","protected":false},"author":1,"featured_media":0,"parent":0,"menu_order":0,"comment_status":"closed","ping_status":"open","template":"","meta":{"footnotes":""},"class_list":["post-3","page","type-page","status-publish","hentry"],"_links":{"self":[{"href":"https:\/\/www.ctce.ro\/site\/wp-json\/wp\/v2\/pages\/3","targetHints":{"allow":["GET"]}}],"collection":[{"href":"https:\/\/www.ctce.ro\/site\/wp-json\/wp\/v2\/pages"}],"about":[{"href":"https:\/\/www.ctce.ro\/site\/wp-json\/wp\/v2\/types\/page"}],"author":[{"embeddable":true,"href":"https:\/\/www.ctce.ro\/site\/wp-json\/wp\/v2\/users\/1"}],"replies":[{"embeddable":true,"href":"https:\/\/www.ctce.ro\/site\/wp-json\/wp\/v2\/comments?post=3"}],"version-history":[{"count":3,"href":"https:\/\/www.ctce.ro\/site\/wp-json\/wp\/v2\/pages\/3\/revisions"}],"predecessor-version":[{"id":3221,"href":"https:\/\/www.ctce.ro\/site\/wp-json\/wp\/v2\/pages\/3\/revisions\/3221"}],"wp:attachment":[{"href":"https:\/\/www.ctce.ro\/site\/wp-json\/wp\/v2\/media?parent=3"}],"curies":[{"name":"wp","href":"https:\/\/api.w.org\/{rel}","templated":true}]}}